{"id":861,"date":"2014-06-09T14:51:36","date_gmt":"2014-06-09T14:51:36","guid":{"rendered":"http:\/\/www.hospitaltocopilla.cl\/?page_id=861"},"modified":"2019-08-14T14:02:32","modified_gmt":"2019-08-14T14:02:32","slug":"promocion-de-salud","status":"publish","type":"page","link":"https:\/\/www.hospitaltocopilla.cl\/?page_id=861","title":{"rendered":"Promoci\u00f3n de Salud"},"content":{"rendered":"\n<p><strong>\u00bfQu\u00e9 es la\nPromoci\u00f3n de la Salud?<\/strong><\/p>\n\n\n\n<p>Es un proceso mediante el cual las personas, familias y comunidades logran mejorar su nivel de salud al asumir un mayor control sobre s\u00ed mismas. Se incluyen las acciones de educaci\u00f3n, prevenci\u00f3n y fomento de salud, donde la poblaci\u00f3n act\u00faa coordinadamente en favor de pol\u00edticas, sistemas y estilos de vida saludables<\/p>\n\n\n\n<figure class=\"wp-block-image\"><img loading=\"lazy\" decoding=\"async\" width=\"1024\" height=\"768\" src=\"http:\/\/www.hospitaltocopilla.cl\/wp-content\/uploads\/2019\/08\/IMG_0005-1-1024x768.jpg\" alt=\"\" class=\"wp-image-4459\" srcset=\"https:\/\/www.hospitaltocopilla.cl\/wp-content\/uploads\/2019\/08\/IMG_0005-1-1024x768.jpg 1024w, https:\/\/www.hospitaltocopilla.cl\/wp-content\/uploads\/2019\/08\/IMG_0005-1-300x225.jpg 300w, https:\/\/www.hospitaltocopilla.cl\/wp-content\/uploads\/2019\/08\/IMG_0005-1-768x576.jpg 768w, https:\/\/www.hospitaltocopilla.cl\/wp-content\/uploads\/2019\/08\/IMG_0005-1-660x495.jpg 660w, https:\/\/www.hospitaltocopilla.cl\/wp-content\/uploads\/2019\/08\/IMG_0005-1.jpg 1600w\" sizes=\"auto, (max-width: 1024px) 100vw, 1024px\" \/><\/figure>\n\n\n\n<figure class=\"wp-block-image\"><img loading=\"lazy\" decoding=\"async\" width=\"1024\" height=\"768\" src=\"http:\/\/www.hospitaltocopilla.cl\/wp-content\/uploads\/2019\/08\/IMG-20190412-WA0016-1024x768.jpg\" alt=\"\" class=\"wp-image-4465\" srcset=\"https:\/\/www.hospitaltocopilla.cl\/wp-content\/uploads\/2019\/08\/IMG-20190412-WA0016-1024x768.jpg 1024w, https:\/\/www.hospitaltocopilla.cl\/wp-content\/uploads\/2019\/08\/IMG-20190412-WA0016-300x225.jpg 300w, https:\/\/www.hospitaltocopilla.cl\/wp-content\/uploads\/2019\/08\/IMG-20190412-WA0016-768x576.jpg 768w, https:\/\/www.hospitaltocopilla.cl\/wp-content\/uploads\/2019\/08\/IMG-20190412-WA0016-660x495.jpg 660w, https:\/\/www.hospitaltocopilla.cl\/wp-content\/uploads\/2019\/08\/IMG-20190412-WA0016.jpg 1280w\" sizes=\"auto, (max-width: 1024px) 100vw, 1024px\" \/><\/figure>\n\n\n\n<p><strong>\u00bfPor qu\u00e9 es tan importante la Promoci\u00f3n\nde la Salud Hoy?<\/strong><\/p>\n\n\n\n<p>Chile, al igual que el resto del mundo, enfrenta\nel desaf\u00edo de responder oportuna y eficazmente a las necesidades de salud de su\npoblaci\u00f3n. En la actual situaci\u00f3n demogr\u00e1fica y epidemiol\u00f3gica, los problemas\nde salud asociados a estilos de vida y multicausalidad son responsables de gran\nparte de la morbimortalidad y de los d\u00e9ficits en calidad de vida. Igualmente,\nlos determinantes sociales, como lo corroboran diversos estudios, son parte\nfundamental del origen y de las potenciales soluciones para enfrentar la\ndin\u00e1mica de salud actual. La Reforma de Salud en Chile explicita la relevancia\nde avanzar hacia un Sistema de Salud equilibrado, donde la equidad y la\nPrevenci\u00f3n y Promoci\u00f3n son fundamentales.<\/p>\n\n\n\n<figure class=\"wp-block-image\"><img loading=\"lazy\" decoding=\"async\" width=\"1024\" height=\"666\" src=\"http:\/\/www.hospitaltocopilla.cl\/wp-content\/uploads\/2019\/08\/02-1024x666.jpg\" alt=\"\" class=\"wp-image-4472\" srcset=\"https:\/\/www.hospitaltocopilla.cl\/wp-content\/uploads\/2019\/08\/02-1024x666.jpg 1024w, https:\/\/www.hospitaltocopilla.cl\/wp-content\/uploads\/2019\/08\/02-300x195.jpg 300w, https:\/\/www.hospitaltocopilla.cl\/wp-content\/uploads\/2019\/08\/02-768x499.jpg 768w, https:\/\/www.hospitaltocopilla.cl\/wp-content\/uploads\/2019\/08\/02-660x429.jpg 660w, https:\/\/www.hospitaltocopilla.cl\/wp-content\/uploads\/2019\/08\/02.jpg 1092w\" sizes=\"auto, (max-width: 1024px) 100vw, 1024px\" \/><\/figure>\n\n\n\n<figure class=\"wp-block-image\"><img loading=\"lazy\" decoding=\"async\" width=\"1024\" height=\"768\" src=\"http:\/\/www.hospitaltocopilla.cl\/wp-content\/uploads\/2019\/08\/IMG-20190412-WA0027-1024x768.jpg\" alt=\"\" class=\"wp-image-4474\" srcset=\"https:\/\/www.hospitaltocopilla.cl\/wp-content\/uploads\/2019\/08\/IMG-20190412-WA0027-1024x768.jpg 1024w, https:\/\/www.hospitaltocopilla.cl\/wp-content\/uploads\/2019\/08\/IMG-20190412-WA0027-300x225.jpg 300w, https:\/\/www.hospitaltocopilla.cl\/wp-content\/uploads\/2019\/08\/IMG-20190412-WA0027-768x576.jpg 768w, https:\/\/www.hospitaltocopilla.cl\/wp-content\/uploads\/2019\/08\/IMG-20190412-WA0027-660x495.jpg 660w, https:\/\/www.hospitaltocopilla.cl\/wp-content\/uploads\/2019\/08\/IMG-20190412-WA0027.jpg 1280w\" sizes=\"auto, (max-width: 1024px) 100vw, 1024px\" \/><\/figure>\n\n\n\n<figure class=\"wp-block-image\"><img loading=\"lazy\" decoding=\"async\" width=\"1024\" height=\"768\" src=\"http:\/\/www.hospitaltocopilla.cl\/wp-content\/uploads\/2019\/08\/IMG-20190412-WA0009-1024x768.jpg\" alt=\"\" class=\"wp-image-4475\" srcset=\"https:\/\/www.hospitaltocopilla.cl\/wp-content\/uploads\/2019\/08\/IMG-20190412-WA0009-1024x768.jpg 1024w, https:\/\/www.hospitaltocopilla.cl\/wp-content\/uploads\/2019\/08\/IMG-20190412-WA0009-300x225.jpg 300w, https:\/\/www.hospitaltocopilla.cl\/wp-content\/uploads\/2019\/08\/IMG-20190412-WA0009-768x576.jpg 768w, https:\/\/www.hospitaltocopilla.cl\/wp-content\/uploads\/2019\/08\/IMG-20190412-WA0009-660x495.jpg 660w, https:\/\/www.hospitaltocopilla.cl\/wp-content\/uploads\/2019\/08\/IMG-20190412-WA0009.jpg 1280w\" sizes=\"auto, (max-width: 1024px) 100vw, 1024px\" \/><\/figure>\n","protected":false},"excerpt":{"rendered":"<p>\u00bfQu\u00e9 es la Promoci\u00f3n de la Salud? Es un proceso mediante el cual las personas, familias y comunidades logran mejorar su nivel de salud al asumir un mayor control sobre s\u00ed mismas. Se incluyen las acciones de educaci\u00f3n, prevenci\u00f3n y fomento de salud, donde la poblaci\u00f3n act\u00faa coordinadamente en favor de pol\u00edticas, sistemas y estilos [&hellip;]<\/p>\n","protected":false},"author":8,"featured_media":4471,"parent":0,"menu_order":0,"comment_status":"closed","ping_status":"closed","template":"","meta":{"footnotes":""},"class_list":["post-861","page","type-page","status-publish","has-post-thumbnail","hentry"],"_links":{"self":[{"href":"https:\/\/www.hospitaltocopilla.cl\/index.php?rest_route=\/wp\/v2\/pages\/861","targetHints":{"allow":["GET"]}}],"collection":[{"href":"https:\/\/www.hospitaltocopilla.cl\/index.php?rest_route=\/wp\/v2\/pages"}],"about":[{"href":"https:\/\/www.hospitaltocopilla.cl\/index.php?rest_route=\/wp\/v2\/types\/page"}],"author":[{"embeddable":true,"href":"https:\/\/www.hospitaltocopilla.cl\/index.php?rest_route=\/wp\/v2\/users\/8"}],"replies":[{"embeddable":true,"href":"https:\/\/www.hospitaltocopilla.cl\/index.php?rest_route=%2Fwp%2Fv2%2Fcomments&post=861"}],"version-history":[{"count":7,"href":"https:\/\/www.hospitaltocopilla.cl\/index.php?rest_route=\/wp\/v2\/pages\/861\/revisions"}],"predecessor-version":[{"id":4476,"href":"https:\/\/www.hospitaltocopilla.cl\/index.php?rest_route=\/wp\/v2\/pages\/861\/revisions\/4476"}],"wp:featuredmedia":[{"embeddable":true,"href":"https:\/\/www.hospitaltocopilla.cl\/index.php?rest_route=\/wp\/v2\/media\/4471"}],"wp:attachment":[{"href":"https:\/\/www.hospitaltocopilla.cl\/index.php?rest_route=%2Fwp%2Fv2%2Fmedia&parent=861"}],"curies":[{"name":"wp","href":"https:\/\/api.w.org\/{rel}","templated":true}]}}