{"id":542,"date":"2014-04-25T17:50:25","date_gmt":"2014-04-25T17:50:25","guid":{"rendered":"http:\/\/www.hospitaltocopilla.cl\/?page_id=542"},"modified":"2014-04-28T17:13:14","modified_gmt":"2014-04-28T17:13:14","slug":"carta-de-derechos-y-deberes-de-los-pacientes","status":"publish","type":"page","link":"https:\/\/www.hospitaltocopilla.cl\/?page_id=542","title":{"rendered":"Carta de Derechos y Deberes de los Pacientes"},"content":{"rendered":"<p style=\"text-align: justify;\">Hospital Marcos Macuada tiene por objetivo brindar una atenci\u00f3n de salud de alta calidad, tanto t\u00e9cnica como humana.<\/p>\n<p style=\"text-align: justify;\">En ese contexto, es que tiene como obligaci\u00f3n cumplir, respetar y promover <strong>la Carta de Derechos y Deberes\u00a0del Paciente (Ley N\u00ba 20.584),<\/strong> que tiene por finalidad resguardar durante todo el proceso de atenci\u00f3n de salud, el respeto a los derechos fundamentales de los pacientes atendidos en centro asistencial. Asi como tambi\u00e9n exige a todos los usuarios cumplir con una serie de acciones vicnuladas al respeto hacia nuestro personal, los procedimientos m\u00e9dicos y administrativos que aqu\u00ed se realizan y las instalaciones.<\/p>\n<p style=\"text-align: justify;\">El usuario podr\u00e1 encontrar gigantograf\u00edas de esta carta en la sala de espera de la Unidad de Urgencias y en el hall de acceso a nuestro centro asistencial.<\/p>\n<p style=\"text-align: justify;\"><a href=\"http:\/\/www.hospitaltocopilla.cl\/?attachment_id=99\" rel=\"attachment wp-att-99\"><img loading=\"lazy\" decoding=\"async\" class=\"alignnone size-full wp-image-99\" alt=\"380133_100799443427157_1869647549_n\" src=\"http:\/\/www.hospitaltocopilla.cl\/wp-content\/uploads\/2013\/01\/380133_100799443427157_1869647549_n.jpg\" width=\"600\" height=\"569\" srcset=\"https:\/\/www.hospitaltocopilla.cl\/wp-content\/uploads\/2013\/01\/380133_100799443427157_1869647549_n.jpg 600w, https:\/\/www.hospitaltocopilla.cl\/wp-content\/uploads\/2013\/01\/380133_100799443427157_1869647549_n-300x285.jpg 300w, https:\/\/www.hospitaltocopilla.cl\/wp-content\/uploads\/2013\/01\/380133_100799443427157_1869647549_n-316x300.jpg 316w\" sizes=\"auto, (max-width: 600px) 100vw, 600px\" \/><\/a><\/p>\n<p style=\"text-align: center;\"><a href=\"http:\/\/www.hospitaltocopilla.cl\/?attachment_id=544\" rel=\"attachment wp-att-544\"><img loading=\"lazy\" decoding=\"async\" class=\"alignnone size-full wp-image-544\" alt=\"1\" src=\"http:\/\/www.hospitaltocopilla.cl\/wp-content\/uploads\/2014\/04\/1.jpg\" width=\"504\" height=\"482\" srcset=\"https:\/\/www.hospitaltocopilla.cl\/wp-content\/uploads\/2014\/04\/1.jpg 504w, https:\/\/www.hospitaltocopilla.cl\/wp-content\/uploads\/2014\/04\/1-300x287.jpg 300w, https:\/\/www.hospitaltocopilla.cl\/wp-content\/uploads\/2014\/04\/1-313x300.jpg 313w\" sizes=\"auto, (max-width: 504px) 100vw, 504px\" \/><\/a><\/p>\n<p style=\"text-align: center;\"><a href=\"http:\/\/www.hospitaltocopilla.cl\/?attachment_id=545\" rel=\"attachment wp-att-545\"><img loading=\"lazy\" decoding=\"async\" class=\"alignnone size-full wp-image-545\" alt=\"2\" src=\"http:\/\/www.hospitaltocopilla.cl\/wp-content\/uploads\/2014\/04\/2.jpg\" width=\"501\" height=\"485\" srcset=\"https:\/\/www.hospitaltocopilla.cl\/wp-content\/uploads\/2014\/04\/2.jpg 501w, https:\/\/www.hospitaltocopilla.cl\/wp-content\/uploads\/2014\/04\/2-300x290.jpg 300w, https:\/\/www.hospitaltocopilla.cl\/wp-content\/uploads\/2014\/04\/2-309x300.jpg 309w\" sizes=\"auto, (max-width: 501px) 100vw, 501px\" \/><\/a><\/p>\n<p style=\"text-align: center;\"><a href=\"http:\/\/www.hospitaltocopilla.cl\/?attachment_id=546\" rel=\"attachment wp-att-546\"><img loading=\"lazy\" decoding=\"async\" class=\"alignnone size-full wp-image-546\" alt=\"3\" src=\"http:\/\/www.hospitaltocopilla.cl\/wp-content\/uploads\/2014\/04\/3.jpg\" width=\"500\" height=\"482\" srcset=\"https:\/\/www.hospitaltocopilla.cl\/wp-content\/uploads\/2014\/04\/3.jpg 500w, https:\/\/www.hospitaltocopilla.cl\/wp-content\/uploads\/2014\/04\/3-300x289.jpg 300w, https:\/\/www.hospitaltocopilla.cl\/wp-content\/uploads\/2014\/04\/3-311x300.jpg 311w\" sizes=\"auto, (max-width: 500px) 100vw, 500px\" \/><\/a><\/p>\n<p style=\"text-align: center;\"><a href=\"http:\/\/www.hospitaltocopilla.cl\/?attachment_id=547\" rel=\"attachment wp-att-547\"><img loading=\"lazy\" decoding=\"async\" class=\"alignnone size-full wp-image-547\" alt=\"4\" src=\"http:\/\/www.hospitaltocopilla.cl\/wp-content\/uploads\/2014\/04\/4.jpg\" width=\"500\" height=\"482\" srcset=\"https:\/\/www.hospitaltocopilla.cl\/wp-content\/uploads\/2014\/04\/4.jpg 500w, https:\/\/www.hospitaltocopilla.cl\/wp-content\/uploads\/2014\/04\/4-300x289.jpg 300w, https:\/\/www.hospitaltocopilla.cl\/wp-content\/uploads\/2014\/04\/4-311x300.jpg 311w\" sizes=\"auto, (max-width: 500px) 100vw, 500px\" \/><\/a><\/p>\n<p style=\"text-align: center;\"><a href=\"http:\/\/www.hospitaltocopilla.cl\/?attachment_id=548\" rel=\"attachment wp-att-548\"><img loading=\"lazy\" decoding=\"async\" class=\"alignnone size-full wp-image-548\" alt=\"5\" src=\"http:\/\/www.hospitaltocopilla.cl\/wp-content\/uploads\/2014\/04\/5.jpg\" width=\"499\" height=\"482\" srcset=\"https:\/\/www.hospitaltocopilla.cl\/wp-content\/uploads\/2014\/04\/5.jpg 499w, https:\/\/www.hospitaltocopilla.cl\/wp-content\/uploads\/2014\/04\/5-300x290.jpg 300w, https:\/\/www.hospitaltocopilla.cl\/wp-content\/uploads\/2014\/04\/5-310x300.jpg 310w\" sizes=\"auto, (max-width: 499px) 100vw, 499px\" \/><\/a><\/p>\n<p style=\"text-align: center;\"><a href=\"http:\/\/www.hospitaltocopilla.cl\/?attachment_id=549\" rel=\"attachment wp-att-549\"><img loading=\"lazy\" decoding=\"async\" class=\"alignnone size-full wp-image-549\" alt=\"6\" src=\"http:\/\/www.hospitaltocopilla.cl\/wp-content\/uploads\/2014\/04\/6.jpg\" width=\"500\" height=\"484\" srcset=\"https:\/\/www.hospitaltocopilla.cl\/wp-content\/uploads\/2014\/04\/6.jpg 500w, https:\/\/www.hospitaltocopilla.cl\/wp-content\/uploads\/2014\/04\/6-300x290.jpg 300w, https:\/\/www.hospitaltocopilla.cl\/wp-content\/uploads\/2014\/04\/6-309x300.jpg 309w\" sizes=\"auto, (max-width: 500px) 100vw, 500px\" \/><\/a><\/p>\n<p style=\"text-align: center;\"><a href=\"http:\/\/www.hospitaltocopilla.cl\/?attachment_id=550\" rel=\"attachment wp-att-550\"><img loading=\"lazy\" decoding=\"async\" class=\"alignnone size-full wp-image-550\" alt=\"7\" src=\"http:\/\/www.hospitaltocopilla.cl\/wp-content\/uploads\/2014\/04\/7.jpg\" width=\"497\" height=\"481\" srcset=\"https:\/\/www.hospitaltocopilla.cl\/wp-content\/uploads\/2014\/04\/7.jpg 497w, https:\/\/www.hospitaltocopilla.cl\/wp-content\/uploads\/2014\/04\/7-300x290.jpg 300w, https:\/\/www.hospitaltocopilla.cl\/wp-content\/uploads\/2014\/04\/7-309x300.jpg 309w\" sizes=\"auto, (max-width: 497px) 100vw, 497px\" \/><\/a><\/p>\n<p style=\"text-align: center;\"><a href=\"http:\/\/www.hospitaltocopilla.cl\/?attachment_id=551\" rel=\"attachment wp-att-551\"><img loading=\"lazy\" decoding=\"async\" class=\"alignnone size-full wp-image-551\" alt=\"8\" src=\"http:\/\/www.hospitaltocopilla.cl\/wp-content\/uploads\/2014\/04\/8.jpg\" width=\"499\" height=\"483\" srcset=\"https:\/\/www.hospitaltocopilla.cl\/wp-content\/uploads\/2014\/04\/8.jpg 499w, https:\/\/www.hospitaltocopilla.cl\/wp-content\/uploads\/2014\/04\/8-300x290.jpg 300w, https:\/\/www.hospitaltocopilla.cl\/wp-content\/uploads\/2014\/04\/8-309x300.jpg 309w\" sizes=\"auto, (max-width: 499px) 100vw, 499px\" \/><\/a><\/p>\n<p style=\"text-align: center;\"><a href=\"http:\/\/www.hospitaltocopilla.cl\/?attachment_id=552\" rel=\"attachment wp-att-552\"><img loading=\"lazy\" decoding=\"async\" class=\"alignnone size-full wp-image-552\" alt=\"9\" src=\"http:\/\/www.hospitaltocopilla.cl\/wp-content\/uploads\/2014\/04\/9.jpg\" width=\"499\" height=\"481\" srcset=\"https:\/\/www.hospitaltocopilla.cl\/wp-content\/uploads\/2014\/04\/9.jpg 499w, https:\/\/www.hospitaltocopilla.cl\/wp-content\/uploads\/2014\/04\/9-300x289.jpg 300w, https:\/\/www.hospitaltocopilla.cl\/wp-content\/uploads\/2014\/04\/9-311x300.jpg 311w\" sizes=\"auto, (max-width: 499px) 100vw, 499px\" \/><\/a><\/p>\n<p><a href=\"http:\/\/www.hospitaltocopilla.cl\/?attachment_id=543\" rel=\"attachment wp-att-543\"><img loading=\"lazy\" decoding=\"async\" class=\"alignnone size-full wp-image-543 aligncenter\" alt=\"10\" src=\"http:\/\/www.hospitaltocopilla.cl\/wp-content\/uploads\/2014\/04\/10.jpg\" width=\"498\" height=\"477\" srcset=\"https:\/\/www.hospitaltocopilla.cl\/wp-content\/uploads\/2014\/04\/10.jpg 498w, https:\/\/www.hospitaltocopilla.cl\/wp-content\/uploads\/2014\/04\/10-300x287.jpg 300w, https:\/\/www.hospitaltocopilla.cl\/wp-content\/uploads\/2014\/04\/10-313x300.jpg 313w\" sizes=\"auto, (max-width: 498px) 100vw, 498px\" \/><\/a><\/p>\n<p style=\"text-align: center;\"><a href=\"http:\/\/www.hospitaltocopilla.cl\/?attachment_id=553\" rel=\"attachment wp-att-553\"><img loading=\"lazy\" decoding=\"async\" class=\"alignnone size-full wp-image-553\" alt=\"11\" src=\"http:\/\/www.hospitaltocopilla.cl\/wp-content\/uploads\/2014\/04\/11.jpg\" width=\"502\" height=\"484\" srcset=\"https:\/\/www.hospitaltocopilla.cl\/wp-content\/uploads\/2014\/04\/11.jpg 502w, https:\/\/www.hospitaltocopilla.cl\/wp-content\/uploads\/2014\/04\/11-300x289.jpg 300w, https:\/\/www.hospitaltocopilla.cl\/wp-content\/uploads\/2014\/04\/11-311x300.jpg 311w\" sizes=\"auto, (max-width: 502px) 100vw, 502px\" \/><\/a><\/p>\n<p style=\"text-align: center;\"><a href=\"http:\/\/www.hospitaltocopilla.cl\/?attachment_id=554\" rel=\"attachment wp-att-554\"><img loading=\"lazy\" decoding=\"async\" class=\"alignnone size-full wp-image-554\" alt=\"12\" src=\"http:\/\/www.hospitaltocopilla.cl\/wp-content\/uploads\/2014\/04\/12.jpg\" width=\"500\" height=\"482\" srcset=\"https:\/\/www.hospitaltocopilla.cl\/wp-content\/uploads\/2014\/04\/12.jpg 500w, https:\/\/www.hospitaltocopilla.cl\/wp-content\/uploads\/2014\/04\/12-300x289.jpg 300w, https:\/\/www.hospitaltocopilla.cl\/wp-content\/uploads\/2014\/04\/12-311x300.jpg 311w\" sizes=\"auto, (max-width: 500px) 100vw, 500px\" \/><\/a><\/p>\n<p style=\"text-align: center;\"><a href=\"http:\/\/www.hospitaltocopilla.cl\/?attachment_id=555\" rel=\"attachment wp-att-555\"><img loading=\"lazy\" decoding=\"async\" class=\"alignnone size-full wp-image-555\" alt=\"13\" src=\"http:\/\/www.hospitaltocopilla.cl\/wp-content\/uploads\/2014\/04\/13.jpg\" width=\"502\" height=\"482\" srcset=\"https:\/\/www.hospitaltocopilla.cl\/wp-content\/uploads\/2014\/04\/13.jpg 502w, https:\/\/www.hospitaltocopilla.cl\/wp-content\/uploads\/2014\/04\/13-300x288.jpg 300w, https:\/\/www.hospitaltocopilla.cl\/wp-content\/uploads\/2014\/04\/13-312x300.jpg 312w\" sizes=\"auto, (max-width: 502px) 100vw, 502px\" \/><\/a><\/p>\n<p style=\"text-align: center;\"><a href=\"http:\/\/www.hospitaltocopilla.cl\/?attachment_id=556\" rel=\"attachment wp-att-556\"><img loading=\"lazy\" decoding=\"async\" class=\"alignnone size-full wp-image-556\" alt=\"14\" src=\"http:\/\/www.hospitaltocopilla.cl\/wp-content\/uploads\/2014\/04\/14.jpg\" width=\"500\" height=\"482\" srcset=\"https:\/\/www.hospitaltocopilla.cl\/wp-content\/uploads\/2014\/04\/14.jpg 500w, https:\/\/www.hospitaltocopilla.cl\/wp-content\/uploads\/2014\/04\/14-300x289.jpg 300w, https:\/\/www.hospitaltocopilla.cl\/wp-content\/uploads\/2014\/04\/14-311x300.jpg 311w\" sizes=\"auto, (max-width: 500px) 100vw, 500px\" \/><\/a><\/p>\n<p style=\"text-align: center;\"><a href=\"http:\/\/www.hospitaltocopilla.cl\/?attachment_id=557\" rel=\"attachment wp-att-557\"><img loading=\"lazy\" decoding=\"async\" class=\"alignnone size-full wp-image-557\" alt=\"15\" src=\"http:\/\/www.hospitaltocopilla.cl\/wp-content\/uploads\/2014\/04\/15.jpg\" width=\"501\" height=\"481\" srcset=\"https:\/\/www.hospitaltocopilla.cl\/wp-content\/uploads\/2014\/04\/15.jpg 501w, https:\/\/www.hospitaltocopilla.cl\/wp-content\/uploads\/2014\/04\/15-300x288.jpg 300w, https:\/\/www.hospitaltocopilla.cl\/wp-content\/uploads\/2014\/04\/15-312x300.jpg 312w\" sizes=\"auto, (max-width: 501px) 100vw, 501px\" \/><\/a><\/p>\n<p style=\"text-align: left;\"><strong>DEBERES<a href=\"http:\/\/www.hospitaltocopilla.cl\/?attachment_id=558\" rel=\"attachment wp-att-558\"><img loading=\"lazy\" decoding=\"async\" class=\"alignnone size-full wp-image-558\" alt=\"deber1\" src=\"http:\/\/www.hospitaltocopilla.cl\/wp-content\/uploads\/2014\/04\/deber1.jpg\" width=\"618\" height=\"569\" srcset=\"https:\/\/www.hospitaltocopilla.cl\/wp-content\/uploads\/2014\/04\/deber1.jpg 618w, https:\/\/www.hospitaltocopilla.cl\/wp-content\/uploads\/2014\/04\/deber1-300x276.jpg 300w, https:\/\/www.hospitaltocopilla.cl\/wp-content\/uploads\/2014\/04\/deber1-325x300.jpg 325w\" sizes=\"auto, (max-width: 618px) 100vw, 618px\" \/><\/a><\/strong><\/p>\n<p style=\"text-align: center;\"><a href=\"http:\/\/www.hospitaltocopilla.cl\/?attachment_id=558\" rel=\"attachment wp-att-558\"><img loading=\"lazy\" decoding=\"async\" class=\"size-full wp-image-558\" alt=\"deber1\" src=\"http:\/\/www.hospitaltocopilla.cl\/wp-content\/uploads\/2014\/04\/deber1.jpg\" width=\"618\" height=\"569\" srcset=\"https:\/\/www.hospitaltocopilla.cl\/wp-content\/uploads\/2014\/04\/deber1.jpg 618w, https:\/\/www.hospitaltocopilla.cl\/wp-content\/uploads\/2014\/04\/deber1-300x276.jpg 300w, https:\/\/www.hospitaltocopilla.cl\/wp-content\/uploads\/2014\/04\/deber1-325x300.jpg 325w\" sizes=\"auto, (max-width: 618px) 100vw, 618px\" \/><\/a><\/p>\n<p style=\"text-align: center;\"><a href=\"http:\/\/www.hospitaltocopilla.cl\/?attachment_id=559\" rel=\"attachment wp-att-559\"><img loading=\"lazy\" decoding=\"async\" class=\"alignnone size-full wp-image-559\" alt=\"deber2\" src=\"http:\/\/www.hospitaltocopilla.cl\/wp-content\/uploads\/2014\/04\/deber2.jpg\" width=\"621\" height=\"569\" srcset=\"https:\/\/www.hospitaltocopilla.cl\/wp-content\/uploads\/2014\/04\/deber2.jpg 621w, https:\/\/www.hospitaltocopilla.cl\/wp-content\/uploads\/2014\/04\/deber2-300x275.jpg 300w, https:\/\/www.hospitaltocopilla.cl\/wp-content\/uploads\/2014\/04\/deber2-327x300.jpg 327w\" sizes=\"auto, (max-width: 621px) 100vw, 621px\" \/><\/a><\/p>\n<p style=\"text-align: center;\"><a href=\"http:\/\/www.hospitaltocopilla.cl\/?attachment_id=560\" rel=\"attachment wp-att-560\"><img loading=\"lazy\" decoding=\"async\" class=\"alignnone size-full wp-image-560\" alt=\"deber3\" src=\"http:\/\/www.hospitaltocopilla.cl\/wp-content\/uploads\/2014\/04\/deber3.jpg\" width=\"618\" height=\"571\" srcset=\"https:\/\/www.hospitaltocopilla.cl\/wp-content\/uploads\/2014\/04\/deber3.jpg 618w, https:\/\/www.hospitaltocopilla.cl\/wp-content\/uploads\/2014\/04\/deber3-300x277.jpg 300w, https:\/\/www.hospitaltocopilla.cl\/wp-content\/uploads\/2014\/04\/deber3-324x300.jpg 324w\" sizes=\"auto, (max-width: 618px) 100vw, 618px\" \/><\/a><\/p>\n<p style=\"text-align: center;\"><a href=\"http:\/\/www.hospitaltocopilla.cl\/?attachment_id=561\" rel=\"attachment wp-att-561\"><img loading=\"lazy\" decoding=\"async\" class=\"alignnone size-full wp-image-561\" alt=\"deber4\" src=\"http:\/\/www.hospitaltocopilla.cl\/wp-content\/uploads\/2014\/04\/deber4.jpg\" width=\"618\" height=\"573\" srcset=\"https:\/\/www.hospitaltocopilla.cl\/wp-content\/uploads\/2014\/04\/deber4.jpg 618w, https:\/\/www.hospitaltocopilla.cl\/wp-content\/uploads\/2014\/04\/deber4-300x278.jpg 300w, https:\/\/www.hospitaltocopilla.cl\/wp-content\/uploads\/2014\/04\/deber4-323x300.jpg 323w\" sizes=\"auto, (max-width: 618px) 100vw, 618px\" \/><\/a><\/p>\n<p style=\"text-align: center;\"><a href=\"http:\/\/www.hospitaltocopilla.cl\/?attachment_id=562\" rel=\"attachment wp-att-562\"><img loading=\"lazy\" decoding=\"async\" class=\"alignnone size-full wp-image-562\" alt=\"deber5\" src=\"http:\/\/www.hospitaltocopilla.cl\/wp-content\/uploads\/2014\/04\/deber5.jpg\" width=\"618\" height=\"574\" srcset=\"https:\/\/www.hospitaltocopilla.cl\/wp-content\/uploads\/2014\/04\/deber5.jpg 618w, https:\/\/www.hospitaltocopilla.cl\/wp-content\/uploads\/2014\/04\/deber5-300x279.jpg 300w, https:\/\/www.hospitaltocopilla.cl\/wp-content\/uploads\/2014\/04\/deber5-322x300.jpg 322w\" sizes=\"auto, (max-width: 618px) 100vw, 618px\" \/><\/a><\/p>\n<p style=\"text-align: center;\"><a href=\"http:\/\/www.hospitaltocopilla.cl\/?attachment_id=563\" rel=\"attachment wp-att-563\"><img loading=\"lazy\" decoding=\"async\" class=\"alignnone size-full wp-image-563\" alt=\"deber6\" src=\"http:\/\/www.hospitaltocopilla.cl\/wp-content\/uploads\/2014\/04\/deber6.jpg\" width=\"618\" height=\"570\" srcset=\"https:\/\/www.hospitaltocopilla.cl\/wp-content\/uploads\/2014\/04\/deber6.jpg 618w, https:\/\/www.hospitaltocopilla.cl\/wp-content\/uploads\/2014\/04\/deber6-300x277.jpg 300w, https:\/\/www.hospitaltocopilla.cl\/wp-content\/uploads\/2014\/04\/deber6-325x300.jpg 325w\" sizes=\"auto, (max-width: 618px) 100vw, 618px\" \/><\/a><\/p>\n","protected":false},"excerpt":{"rendered":"<p>Hospital Marcos Macuada tiene por objetivo brindar una atenci\u00f3n de salud de alta calidad, tanto t\u00e9cnica como humana. En ese contexto, es que tiene como obligaci\u00f3n cumplir, respetar y promover la Carta de Derechos y Deberes\u00a0del Paciente (Ley N\u00ba 20.584), que tiene por finalidad resguardar durante todo el proceso de atenci\u00f3n de salud, el respeto [&hellip;]<\/p>\n","protected":false},"author":8,"featured_media":0,"parent":427,"menu_order":0,"comment_status":"closed","ping_status":"closed","template":"sidebar-page.php","meta":{"footnotes":""},"class_list":["post-542","page","type-page","status-publish","hentry"],"_links":{"self":[{"href":"https:\/\/www.hospitaltocopilla.cl\/index.php?rest_route=\/wp\/v2\/pages\/542","targetHints":{"allow":["GET"]}}],"collection":[{"href":"https:\/\/www.hospitaltocopilla.cl\/index.php?rest_route=\/wp\/v2\/pages"}],"about":[{"href":"https:\/\/www.hospitaltocopilla.cl\/index.php?rest_route=\/wp\/v2\/types\/page"}],"author":[{"embeddable":true,"href":"https:\/\/www.hospitaltocopilla.cl\/index.php?rest_route=\/wp\/v2\/users\/8"}],"replies":[{"embeddable":true,"href":"https:\/\/www.hospitaltocopilla.cl\/index.php?rest_route=%2Fwp%2Fv2%2Fcomments&post=542"}],"version-history":[{"count":3,"href":"https:\/\/www.hospitaltocopilla.cl\/index.php?rest_route=\/wp\/v2\/pages\/542\/revisions"}],"predecessor-version":[{"id":664,"href":"https:\/\/www.hospitaltocopilla.cl\/index.php?rest_route=\/wp\/v2\/pages\/542\/revisions\/664"}],"up":[{"embeddable":true,"href":"https:\/\/www.hospitaltocopilla.cl\/index.php?rest_route=\/wp\/v2\/pages\/427"}],"wp:attachment":[{"href":"https:\/\/www.hospitaltocopilla.cl\/index.php?rest_route=%2Fwp%2Fv2%2Fmedia&parent=542"}],"curies":[{"name":"wp","href":"https:\/\/api.w.org\/{rel}","templated":true}]}}