{"id":5323,"date":"2021-06-15T15:16:30","date_gmt":"2021-06-15T15:16:30","guid":{"rendered":"https:\/\/www.hospitaltocopilla.cl\/?page_id=5323"},"modified":"2021-06-15T18:53:37","modified_gmt":"2021-06-15T18:53:37","slug":"acerca-de-virtualpac","status":"publish","type":"page","link":"https:\/\/www.hospitaltocopilla.cl\/?page_id=5323","title":{"rendered":"Acerca de VirtualPac"},"content":{"rendered":"\n<h3 class=\"wp-block-heading\"><\/h3>\n\n\n\n<blockquote class=\"wp-block-quote has-text-align-center is-layout-flow wp-block-quote-is-layout-flow\"><p><strong>&#8220;La educaci\u00f3n es nuestro pasaporte para el futuro, porque el ma\u00f1ana pertenece a la gente que se prepara para el hoy&#8221; Malcolm X.<\/strong><\/p><\/blockquote>\n\n\n\n<p>VirtualPac es un proyecto desarrollado por el equipo de inform\u00e1tica del Hospital Marcos Macuada, que consiste en poner a disposici\u00f3n una plataforma online, que permite generar un espacio de ense\u00f1anza y aprendizaje autodid\u00e1ctico con contenido orientado a las \u00e1reas de los funcionarios del establecimiento. Tambi\u00e9n esto permitir\u00e1 que los funcionarios puedan adquirir conocimiento o mejorar sus competencias profesionales a trav\u00e9s de capsulas autogestionadas que se pondr\u00e1n a disposici\u00f3n en la plataforma de manera gratuita y sin ning\u00fan costo asociado para los funcionarios.<\/p>\n\n\n\n<p>Dese\u00e1ndoles lo mejor en sus estudios y que puedan utilizar esta plataforma los invito para que puedan ingresar y ver los cursos que se est\u00e1n impartiendo. &nbsp;<\/p>\n\n\n\n<h2 class=\"wp-block-heading\"><\/h2>\n","protected":false},"excerpt":{"rendered":"<p>&#8220;La educaci\u00f3n es nuestro pasaporte para el futuro, porque el ma\u00f1ana pertenece a la gente que se prepara para el hoy&#8221; Malcolm X. VirtualPac es un proyecto desarrollado por el equipo de inform\u00e1tica del Hospital Marcos Macuada, que consiste en poner a disposici\u00f3n una plataforma online, que permite generar un espacio de ense\u00f1anza y aprendizaje [&hellip;]<\/p>\n","protected":false},"author":9,"featured_media":5311,"parent":0,"menu_order":0,"comment_status":"closed","ping_status":"closed","template":"","meta":{"footnotes":""},"class_list":["post-5323","page","type-page","status-publish","has-post-thumbnail","hentry"],"_links":{"self":[{"href":"https:\/\/www.hospitaltocopilla.cl\/index.php?rest_route=\/wp\/v2\/pages\/5323","targetHints":{"allow":["GET"]}}],"collection":[{"href":"https:\/\/www.hospitaltocopilla.cl\/index.php?rest_route=\/wp\/v2\/pages"}],"about":[{"href":"https:\/\/www.hospitaltocopilla.cl\/index.php?rest_route=\/wp\/v2\/types\/page"}],"author":[{"embeddable":true,"href":"https:\/\/www.hospitaltocopilla.cl\/index.php?rest_route=\/wp\/v2\/users\/9"}],"replies":[{"embeddable":true,"href":"https:\/\/www.hospitaltocopilla.cl\/index.php?rest_route=%2Fwp%2Fv2%2Fcomments&post=5323"}],"version-history":[{"count":7,"href":"https:\/\/www.hospitaltocopilla.cl\/index.php?rest_route=\/wp\/v2\/pages\/5323\/revisions"}],"predecessor-version":[{"id":5363,"href":"https:\/\/www.hospitaltocopilla.cl\/index.php?rest_route=\/wp\/v2\/pages\/5323\/revisions\/5363"}],"wp:featuredmedia":[{"embeddable":true,"href":"https:\/\/www.hospitaltocopilla.cl\/index.php?rest_route=\/wp\/v2\/media\/5311"}],"wp:attachment":[{"href":"https:\/\/www.hospitaltocopilla.cl\/index.php?rest_route=%2Fwp%2Fv2%2Fmedia&parent=5323"}],"curies":[{"name":"wp","href":"https:\/\/api.w.org\/{rel}","templated":true}]}}