{"id":532,"date":"2014-04-25T15:44:46","date_gmt":"2014-04-25T15:44:46","guid":{"rendered":"http:\/\/www.hospitaltocopilla.cl\/?page_id=532"},"modified":"2025-06-26T12:47:11","modified_gmt":"2025-06-26T12:47:11","slug":"nuestra-historia","status":"publish","type":"page","link":"https:\/\/www.hospitaltocopilla.cl\/?page_id=532","title":{"rendered":"Nuestra Historia"},"content":{"rendered":"<p>La historia del Hospital Comunitario Marcos Macuada se remonta al 1 de enero de 1897 cuando fue inaugurado por el gobernador Eduardo Orrego Ovalle y tuvo como nombre Hospital de Caridad Juan Salvador de Dios; estaba ubicado en calle Matta esquina Washington, funcionando en un edificio de madera que comenz\u00f3 a ser construido dos a\u00f1os antes.<\/p>\n<p>Su primer director fue el doctor Manuel Fraile, el m\u00e9dico principal fue V\u00edctor Alz\u00e9rreca; la primera matrona se llam\u00f3 Zoila Rosa Mu\u00f1oz y el primer boticario fue David Silva Valderrama.<\/p>\n<p>Fue en ese hospital en donde falleci\u00f3 el joven estudiante de medicina Marcos Macuada Ogalde de 24 a\u00f1os, oriundo de Ovalle. Muri\u00f3 por contagio de Fiebre Amarilla el 21 de junio de 1912, enfermedad que adem\u00e1s cobr\u00f3 la vida de 319 v\u00edctimas.<\/p>\n<p>Lo inadecuado del edificio, exigi\u00f3 un nuevo inmueble para la instituci\u00f3n. Fue as\u00ed que la Sociedad Constructora de Establecimientos Hospitalarios, con el arquitecto Fernando Devilat Rocca a la cabeza, proyectaron un nuevo edificio el cual comenz\u00f3 su construcci\u00f3n en 1939 en la calle Santa Rosa. El edificio era parte de la llamada \u201cArquitectura del Movimiento Moderno\u201d y fue el alcalde V\u00edctor Contreras Tapia fue quien gestion\u00f3 con el gobierno de Pedro Aguirre Cerda la construcci\u00f3n.<\/p>\n<p>El hospital comenz\u00f3 a ser usado los \u00faltimos d\u00edas de julio de 1940 por la emergencia que gener\u00f3 el aluvi\u00f3n del 25 del mismo mes; pero la inauguraci\u00f3n del edificio fue el d\u00eda 13 de abril de 1941. Siendo su primer director el m\u00e9dico, Alberto Rodr\u00edguez Rosales, al cual en 1956,\u00a0 el Municipio de Tocopilla le confiere el t\u00edtulo de Ciudadano Honorario de Tocopilla, entreg\u00e1ndole las llaves de la ciudad.<\/p>\n<p style=\"text-align: justify;\"><a href=\"http:\/\/www.hospitaltocopilla.cl\/?attachment_id=60\" rel=\"attachment wp-att-60\"><img loading=\"lazy\" decoding=\"async\" class=\"alignnone size-full wp-image-60\" src=\"http:\/\/www.hospitaltocopilla.cl\/wp-content\/uploads\/2013\/01\/img133.jpg\" alt=\"img133\" width=\"1024\" height=\"740\" srcset=\"https:\/\/www.hospitaltocopilla.cl\/wp-content\/uploads\/2013\/01\/img133.jpg 1024w, https:\/\/www.hospitaltocopilla.cl\/wp-content\/uploads\/2013\/01\/img133-300x217.jpg 300w, https:\/\/www.hospitaltocopilla.cl\/wp-content\/uploads\/2013\/01\/img133-415x300.jpg 415w\" sizes=\"auto, (max-width: 1024px) 100vw, 1024px\" \/><\/a><\/p>\n<p align=\"left\"><strong>\u00bfQUI\u00c9N FUE MARCOS MACUADA OGALDE?<\/strong><\/p>\n<p style=\"text-align: left;\">En 1912 una gran epidemia de fiebre amarilla caus\u00f3 estragos en la poblaci\u00f3n de Tocopilla. En ella inmol\u00f3 su vida el joven estudiante de medicina Marcos Macuada Ogalde, quien lleg\u00f3 desde Ovalle a trabajar a la ciudad. Falleci\u00f3 a la edad de 24 a\u00f1os el 21 de junio de 1912, cuando ayudaba a combatir esta enfermedad a inicios del siglo pasado, en lo que ser\u00eda conocida como la primera gran tragedia que sacudi\u00f3 al puerto en el siglo XX.\u00a0 \u00a0 \u00a0 En su memoria el Hospital de Tocopilla lleva su nombre.<\/p>\n<p style=\"text-align: justify;\">.<\/p>\n<p style=\"text-align: justify;\"><a href=\"http:\/\/www.hospitaltocopilla.cl\/?attachment_id=535\" rel=\"attachment wp-att-535\"><img loading=\"lazy\" decoding=\"async\" class=\"size-full wp-image-535 aligncenter\" src=\"http:\/\/www.hospitaltocopilla.cl\/wp-content\/uploads\/2014\/04\/Marcos-Macuada.jpg\" alt=\"Marcos Macuada\" width=\"400\" height=\"344\" srcset=\"https:\/\/www.hospitaltocopilla.cl\/wp-content\/uploads\/2014\/04\/Marcos-Macuada.jpg 400w, https:\/\/www.hospitaltocopilla.cl\/wp-content\/uploads\/2014\/04\/Marcos-Macuada-300x258.jpg 300w, https:\/\/www.hospitaltocopilla.cl\/wp-content\/uploads\/2014\/04\/Marcos-Macuada-348x300.jpg 348w\" sizes=\"auto, (max-width: 400px) 100vw, 400px\" \/><\/a><\/p>\n<p style=\"text-align: justify;\" align=\"left\"><strong>HOSPITAL MARCOS MACUADA<\/strong><\/p>\n<p>Despu\u00e9s de 68 a\u00f1os de funcionamiento, el emblem\u00e1tico \u201cHospital Marcos Macuada\u201d, perteneciente al Servicio de Salud Antofagasta (SSA), fue cerrado oficialmente por autoridades regionales, locales y representantes de la ciudadan\u00eda, quienes de esta manera rindieron un sentido homenaje al recinto de calle Santa Rosa.<\/p>\n<p>El edificio que alberg\u00f3 al centro hospitalario desde el a\u00f1o 1940, dio paso a un nuevo hospital que se construy\u00f3 en 8 mil metros cuadrados, y que consta de tres pisos, con servicio de urgencia, di\u00e1lisis, imagenolog\u00eda, laboratorios, pabell\u00f3n quir\u00fargico, y un gimnasio de recuperaci\u00f3n f\u00edsica, entre otras instalaciones en donde el Gobierno, a trav\u00e9s del Ministerio de Salud, invirti\u00f3 m\u00e1s de 12 mil millones de pesos.<\/p>\n<p>La actividad de clausura cont\u00f3 con la participaci\u00f3n de autoridades como el alcalde de la comuna, Luis Moyano; el intendente regional, Cristian Rodr\u00edguez; la Secretaria Regional Ministerial de Gobierno, Paula Baltra; el Secretario Regional Ministerial de Salud, Enrique Castro y la Subsecretaria de Desarrollo Regional, Claudia Serrano; entre otros.<\/p>\n<p>El momento m\u00e1s significativo de la ceremonia fue cuando las propias autoridades clausuraron simb\u00f3licamente el lugar a trav\u00e9s de una cadena met\u00e1lica y un candado preparados especialmente para la ocasi\u00f3n.<\/p>\n<p style=\"text-align: justify;\">.<\/p>\n<p><a href=\"http:\/\/www.hospitaltocopilla.cl\/?attachment_id=171\" rel=\"attachment wp-att-171\"><img loading=\"lazy\" decoding=\"async\" class=\"size-full wp-image-171 aligncenter\" src=\"http:\/\/www.hospitaltocopilla.cl\/wp-content\/uploads\/2013\/11\/1.jpg\" alt=\"1\" width=\"397\" height=\"214\" srcset=\"https:\/\/www.hospitaltocopilla.cl\/wp-content\/uploads\/2013\/11\/1.jpg 397w, https:\/\/www.hospitaltocopilla.cl\/wp-content\/uploads\/2013\/11\/1-300x162.jpg 300w\" sizes=\"auto, (max-width: 397px) 100vw, 397px\" \/><\/a><\/p>\n<p style=\"text-align: justify;\" align=\"left\"><strong>DEMOLICI\u00d3N HOSPITAL MARCOS MACUADA<\/strong><\/p>\n<p style=\"text-align: justify;\">Luego que quedara inutilizado, con una serie de grietas y con la posibilidad de derrumbarse y causar da\u00f1os a la poblaci\u00f3n, el Hospital Marcos Macuada de Tocopilla estuvo esperando un par de a\u00f1os para volver a funcionar en el mismo sitio, pero con un moderno edificio que se comenz\u00f3 a construir el primer semestre del a\u00f1o 2009.<\/p>\n<p>Con una inversi\u00f3n de m\u00e1s de 12 mil millones de pesos, el Gobierno Regional de Antofagasta comenz\u00f3 la construcci\u00f3n del moderno hospital a 11 meses del terremoto que afect\u00f3 a la Provincia de Tocopilla y que dej\u00f3 un saldo de dos muertos y a la ciudad totalmente devastada.<\/p>\n<p style=\"text-align: justify;\" align=\"left\"><strong>HOSPITAL TRANSITORIO<\/strong><\/p>\n<p style=\"text-align: justify;\">Durante el periodo que demor\u00f3 la construcci\u00f3n del nuevo recinto hospitalario, el Hospital Marcos Macuada debi\u00f3 funcionar como un Hospital de Emergencia en la extinta Casa de Descanso N\u00ba 1 de Codelco Norte, que por medio de un comodato facilit\u00f3 para este fin el inmueble hasta enero de 2010.<\/p>\n<p style=\"text-align: justify;\" align=\"left\"><strong>NUEVO HOSPITAL DE TOCOPILLA<\/strong><\/p>\n<p style=\"text-align: justify;\">El nuevo Hospital Comunitario Marcos Macuada fue inaugurado el 27 de julio de 2011 con la presencia del ministro de Salud de la \u00e9poca, Jaime Ma\u00f1alich, adem\u00e1s de autoridades regionales, locales y con la presencia de la comunidad tocopillana que recibi\u00f3 con alegr\u00eda este nuevo recinto.<\/p>\n<p>Actualmente el hospital entrega diariamente m\u00e1s de 500 atenciones a la poblaci\u00f3n de toda la provincia en sus diferentes unidades, convirti\u00e9ndose en un referente de la salud p\u00fablica en toda la provincia.<\/p>\n<p style=\"text-align: justify;\"><a href=\"http:\/\/www.hospitaltocopilla.cl\/?attachment_id=63\" rel=\"attachment wp-att-63\"><img loading=\"lazy\" decoding=\"async\" class=\"alignnone size-full wp-image-63\" src=\"http:\/\/www.hospitaltocopilla.cl\/wp-content\/uploads\/2013\/01\/209558_158417154220873_2967029_o.jpg\" alt=\"209558_158417154220873_2967029_o\" width=\"1280\" height=\"960\" srcset=\"https:\/\/www.hospitaltocopilla.cl\/wp-content\/uploads\/2013\/01\/209558_158417154220873_2967029_o.jpg 1280w, https:\/\/www.hospitaltocopilla.cl\/wp-content\/uploads\/2013\/01\/209558_158417154220873_2967029_o-300x225.jpg 300w, https:\/\/www.hospitaltocopilla.cl\/wp-content\/uploads\/2013\/01\/209558_158417154220873_2967029_o-1024x768.jpg 1024w, https:\/\/www.hospitaltocopilla.cl\/wp-content\/uploads\/2013\/01\/209558_158417154220873_2967029_o-400x300.jpg 400w\" sizes=\"auto, (max-width: 1280px) 100vw, 1280px\" \/><\/a><\/p>\n","protected":false},"excerpt":{"rendered":"<p>La historia del Hospital Comunitario Marcos Macuada se remonta al 1 de enero de 1897 cuando fue inaugurado por el gobernador Eduardo Orrego Ovalle y tuvo como nombre Hospital de Caridad Juan Salvador de Dios; estaba ubicado en calle Matta esquina Washington, funcionando en un edificio de madera que comenz\u00f3 a ser construido dos a\u00f1os [&hellip;]<\/p>\n","protected":false},"author":8,"featured_media":3028,"parent":427,"menu_order":0,"comment_status":"closed","ping_status":"closed","template":"","meta":{"footnotes":""},"class_list":["post-532","page","type-page","status-publish","has-post-thumbnail","hentry"],"_links":{"self":[{"href":"https:\/\/www.hospitaltocopilla.cl\/index.php?rest_route=\/wp\/v2\/pages\/532","targetHints":{"allow":["GET"]}}],"collection":[{"href":"https:\/\/www.hospitaltocopilla.cl\/index.php?rest_route=\/wp\/v2\/pages"}],"about":[{"href":"https:\/\/www.hospitaltocopilla.cl\/index.php?rest_route=\/wp\/v2\/types\/page"}],"author":[{"embeddable":true,"href":"https:\/\/www.hospitaltocopilla.cl\/index.php?rest_route=\/wp\/v2\/users\/8"}],"replies":[{"embeddable":true,"href":"https:\/\/www.hospitaltocopilla.cl\/index.php?rest_route=%2Fwp%2Fv2%2Fcomments&post=532"}],"version-history":[{"count":5,"href":"https:\/\/www.hospitaltocopilla.cl\/index.php?rest_route=\/wp\/v2\/pages\/532\/revisions"}],"predecessor-version":[{"id":6470,"href":"https:\/\/www.hospitaltocopilla.cl\/index.php?rest_route=\/wp\/v2\/pages\/532\/revisions\/6470"}],"up":[{"embeddable":true,"href":"https:\/\/www.hospitaltocopilla.cl\/index.php?rest_route=\/wp\/v2\/pages\/427"}],"wp:featuredmedia":[{"embeddable":true,"href":"https:\/\/www.hospitaltocopilla.cl\/index.php?rest_route=\/wp\/v2\/media\/3028"}],"wp:attachment":[{"href":"https:\/\/www.hospitaltocopilla.cl\/index.php?rest_route=%2Fwp%2Fv2%2Fmedia&parent=532"}],"curies":[{"name":"wp","href":"https:\/\/api.w.org\/{rel}","templated":true}]}}