{"id":506,"date":"2014-04-25T14:58:52","date_gmt":"2014-04-25T14:58:52","guid":{"rendered":"http:\/\/www.hospitaltocopilla.cl\/?page_id=506"},"modified":"2018-12-31T11:58:40","modified_gmt":"2018-12-31T11:58:40","slug":"hospital-amigo","status":"publish","type":"page","link":"https:\/\/www.hospitaltocopilla.cl\/?page_id=506","title":{"rendered":"Hospital Amigo"},"content":{"rendered":"<table>\n<tbody>\n<tr>\n<td valign=\"top\">\n<h4 style=\"text-align: justify;\">Esta iniciativa se enmarca dentro de la implementaci\u00f3n de un modelo de apertura hospitalaria hacia la familia y la comunidad.<\/h4>\n<p style=\"text-align: justify;\">Su objetivo es \u201cIncorporar buenas pr\u00e1cticas de atenci\u00f3n centradas en el usuario, la familia y la comunidad, orientadas al trato digno, acogedor y amable, estimulando la participaci\u00f3n social.<\/p>\n<p style=\"text-align: justify;\">Un establecimiento hospitalario se constituye en \u201cHospital Amigo\u201d, en la medida que establece una relaci\u00f3n con los usuarios y su familia. Es el establecimiento en su conjunto el que se relaciona con la poblaci\u00f3n y sus usuarios, e instala 10 medidas orientadas hacia una atenci\u00f3n de salud m\u00e1s amable, acogedora, participativa e integral, poniendo \u00e9nfasis, principalmente, en, fortalecer la informaci\u00f3n al usuario, el acompa\u00f1amiento de la familia en la hospitalizaci\u00f3n o procedimientos de atenci\u00f3n y, la identificaci\u00f3n de pacientes y funcionarios integrantes del equipo de salud.<\/p>\n<p style=\"text-align: justify;\">Hoy, esta l\u00ednea program\u00e1tica se encuentra en desarrollo en el escenario de objetivos estrat\u00e9gicos en satisfacci\u00f3n usuaria, modelo de atenci\u00f3n y gesti\u00f3n integral de las redes asistenciales y, se relaciona directamente, con el cumplimiento de la ley de derechos y deberes de las personas en relaci\u00f3n con acciones vinculadas a su atenci\u00f3n de salud, espec\u00edficamente en los art\u00edculos 5\u00ba al 11\u00ba de esta ley. Se conecta adem\u00e1s, con el proceso de acreditaci\u00f3n en Calidad y, se constituye en un indicador del Balance BSC para los establecimientos autogestionados en red, EAR.<\/p>\n<p style=\"text-align: justify;\">En este escenario, durante el 2014, se busca fortalecer y consolidar esta l\u00ednea program\u00e1tica en los establecimientos de alta, mediana y baja complejidad del pa\u00eds<\/p>\n<p style=\"text-align: justify;\"><a href=\"http:\/\/www.hospitaltocopilla.cl\/?attachment_id=695\" rel=\"attachment wp-att-695\"><img loading=\"lazy\" decoding=\"async\" class=\"alignnone size-full wp-image-695\" src=\"http:\/\/www.hospitaltocopilla.cl\/wp-content\/uploads\/2014\/04\/Imagen1.png\" alt=\"Imagen1\" width=\"1502\" height=\"403\" srcset=\"https:\/\/www.hospitaltocopilla.cl\/wp-content\/uploads\/2014\/04\/Imagen1.png 1502w, https:\/\/www.hospitaltocopilla.cl\/wp-content\/uploads\/2014\/04\/Imagen1-300x80.png 300w, https:\/\/www.hospitaltocopilla.cl\/wp-content\/uploads\/2014\/04\/Imagen1-1024x274.png 1024w, https:\/\/www.hospitaltocopilla.cl\/wp-content\/uploads\/2014\/04\/Imagen1-500x134.png 500w\" sizes=\"auto, (max-width: 1502px) 100vw, 1502px\" \/><\/a><\/p>\n<p style=\"text-align: justify;\"><a href=\"http:\/\/www.hospitaltocopilla.cl\/?attachment_id=696\" rel=\"attachment wp-att-696\"><img loading=\"lazy\" decoding=\"async\" class=\"alignnone size-full wp-image-696\" src=\"http:\/\/www.hospitaltocopilla.cl\/wp-content\/uploads\/2014\/04\/Imagen2.png\" alt=\"Imagen2\" width=\"1516\" height=\"403\" srcset=\"https:\/\/www.hospitaltocopilla.cl\/wp-content\/uploads\/2014\/04\/Imagen2.png 1516w, https:\/\/www.hospitaltocopilla.cl\/wp-content\/uploads\/2014\/04\/Imagen2-300x80.png 300w, https:\/\/www.hospitaltocopilla.cl\/wp-content\/uploads\/2014\/04\/Imagen2-1024x272.png 1024w, https:\/\/www.hospitaltocopilla.cl\/wp-content\/uploads\/2014\/04\/Imagen2-500x132.png 500w\" sizes=\"auto, (max-width: 1516px) 100vw, 1516px\" \/><\/a><\/p>\n<p style=\"text-align: justify;\"><a href=\"http:\/\/www.hospitaltocopilla.cl\/?attachment_id=697\" rel=\"attachment wp-att-697\"><img loading=\"lazy\" decoding=\"async\" class=\"alignnone size-full wp-image-697\" src=\"http:\/\/www.hospitaltocopilla.cl\/wp-content\/uploads\/2014\/04\/Imagen3.png\" alt=\"Imagen3\" width=\"1502\" height=\"404\" srcset=\"https:\/\/www.hospitaltocopilla.cl\/wp-content\/uploads\/2014\/04\/Imagen3.png 1502w, https:\/\/www.hospitaltocopilla.cl\/wp-content\/uploads\/2014\/04\/Imagen3-300x81.png 300w, https:\/\/www.hospitaltocopilla.cl\/wp-content\/uploads\/2014\/04\/Imagen3-1024x275.png 1024w, https:\/\/www.hospitaltocopilla.cl\/wp-content\/uploads\/2014\/04\/Imagen3-500x134.png 500w\" sizes=\"auto, (max-width: 1502px) 100vw, 1502px\" \/><\/a><\/p>\n<p style=\"text-align: justify;\"><a href=\"http:\/\/www.hospitaltocopilla.cl\/?attachment_id=698\" rel=\"attachment wp-att-698\"><img loading=\"lazy\" decoding=\"async\" class=\"alignnone size-full wp-image-698\" src=\"http:\/\/www.hospitaltocopilla.cl\/wp-content\/uploads\/2014\/04\/Imagen4.png\" alt=\"Imagen4\" width=\"1502\" height=\"404\" srcset=\"https:\/\/www.hospitaltocopilla.cl\/wp-content\/uploads\/2014\/04\/Imagen4.png 1502w, https:\/\/www.hospitaltocopilla.cl\/wp-content\/uploads\/2014\/04\/Imagen4-300x81.png 300w, https:\/\/www.hospitaltocopilla.cl\/wp-content\/uploads\/2014\/04\/Imagen4-1024x275.png 1024w, https:\/\/www.hospitaltocopilla.cl\/wp-content\/uploads\/2014\/04\/Imagen4-500x134.png 500w\" sizes=\"auto, (max-width: 1502px) 100vw, 1502px\" \/><\/a><\/p>\n<p style=\"text-align: justify;\"><a href=\"http:\/\/www.hospitaltocopilla.cl\/?attachment_id=699\" rel=\"attachment wp-att-699\"><img loading=\"lazy\" decoding=\"async\" class=\"alignnone size-full wp-image-699\" src=\"http:\/\/www.hospitaltocopilla.cl\/wp-content\/uploads\/2014\/04\/Imagen5.png\" alt=\"Imagen5\" width=\"1502\" height=\"404\" srcset=\"https:\/\/www.hospitaltocopilla.cl\/wp-content\/uploads\/2014\/04\/Imagen5.png 1502w, https:\/\/www.hospitaltocopilla.cl\/wp-content\/uploads\/2014\/04\/Imagen5-300x81.png 300w, https:\/\/www.hospitaltocopilla.cl\/wp-content\/uploads\/2014\/04\/Imagen5-1024x275.png 1024w, https:\/\/www.hospitaltocopilla.cl\/wp-content\/uploads\/2014\/04\/Imagen5-500x134.png 500w\" sizes=\"auto, (max-width: 1502px) 100vw, 1502px\" \/><\/a><\/p>\n<p style=\"text-align: justify;\"><a href=\"http:\/\/www.hospitaltocopilla.cl\/?attachment_id=700\" rel=\"attachment wp-att-700\"><img loading=\"lazy\" decoding=\"async\" class=\"alignnone size-full wp-image-700\" src=\"http:\/\/www.hospitaltocopilla.cl\/wp-content\/uploads\/2014\/04\/Imagen6.png\" alt=\"Imagen6\" width=\"1502\" height=\"404\" srcset=\"https:\/\/www.hospitaltocopilla.cl\/wp-content\/uploads\/2014\/04\/Imagen6.png 1502w, https:\/\/www.hospitaltocopilla.cl\/wp-content\/uploads\/2014\/04\/Imagen6-300x81.png 300w, https:\/\/www.hospitaltocopilla.cl\/wp-content\/uploads\/2014\/04\/Imagen6-1024x275.png 1024w, https:\/\/www.hospitaltocopilla.cl\/wp-content\/uploads\/2014\/04\/Imagen6-500x134.png 500w\" sizes=\"auto, (max-width: 1502px) 100vw, 1502px\" \/><\/a><\/p>\n<p style=\"text-align: justify;\"><a href=\"http:\/\/www.hospitaltocopilla.cl\/?attachment_id=701\" rel=\"attachment wp-att-701\"><img loading=\"lazy\" decoding=\"async\" class=\"alignnone size-full wp-image-701\" src=\"http:\/\/www.hospitaltocopilla.cl\/wp-content\/uploads\/2014\/04\/Imagen7.png\" alt=\"Imagen7\" width=\"1502\" height=\"404\" srcset=\"https:\/\/www.hospitaltocopilla.cl\/wp-content\/uploads\/2014\/04\/Imagen7.png 1502w, https:\/\/www.hospitaltocopilla.cl\/wp-content\/uploads\/2014\/04\/Imagen7-300x81.png 300w, https:\/\/www.hospitaltocopilla.cl\/wp-content\/uploads\/2014\/04\/Imagen7-1024x275.png 1024w, https:\/\/www.hospitaltocopilla.cl\/wp-content\/uploads\/2014\/04\/Imagen7-500x134.png 500w\" sizes=\"auto, (max-width: 1502px) 100vw, 1502px\" \/><\/a><\/p>\n<p style=\"text-align: justify;\"><a href=\"http:\/\/www.hospitaltocopilla.cl\/?attachment_id=702\" rel=\"attachment wp-att-702\"><img loading=\"lazy\" decoding=\"async\" class=\"alignnone size-full wp-image-702\" src=\"http:\/\/www.hospitaltocopilla.cl\/wp-content\/uploads\/2014\/04\/Imagen8.png\" alt=\"Imagen8\" width=\"1502\" height=\"404\" srcset=\"https:\/\/www.hospitaltocopilla.cl\/wp-content\/uploads\/2014\/04\/Imagen8.png 1502w, https:\/\/www.hospitaltocopilla.cl\/wp-content\/uploads\/2014\/04\/Imagen8-300x81.png 300w, https:\/\/www.hospitaltocopilla.cl\/wp-content\/uploads\/2014\/04\/Imagen8-1024x275.png 1024w, https:\/\/www.hospitaltocopilla.cl\/wp-content\/uploads\/2014\/04\/Imagen8-500x134.png 500w\" sizes=\"auto, (max-width: 1502px) 100vw, 1502px\" \/><\/a><\/p>\n<p style=\"text-align: justify;\"><a href=\"http:\/\/www.hospitaltocopilla.cl\/?attachment_id=703\" rel=\"attachment wp-att-703\"><img loading=\"lazy\" decoding=\"async\" class=\"alignnone size-full wp-image-703\" src=\"http:\/\/www.hospitaltocopilla.cl\/wp-content\/uploads\/2014\/04\/Imagen9.png\" alt=\"Imagen9\" width=\"1502\" height=\"404\" srcset=\"https:\/\/www.hospitaltocopilla.cl\/wp-content\/uploads\/2014\/04\/Imagen9.png 1502w, https:\/\/www.hospitaltocopilla.cl\/wp-content\/uploads\/2014\/04\/Imagen9-300x81.png 300w, https:\/\/www.hospitaltocopilla.cl\/wp-content\/uploads\/2014\/04\/Imagen9-1024x275.png 1024w, https:\/\/www.hospitaltocopilla.cl\/wp-content\/uploads\/2014\/04\/Imagen9-500x134.png 500w\" sizes=\"auto, (max-width: 1502px) 100vw, 1502px\" \/><\/a><\/p>\n<p style=\"text-align: justify;\"><a href=\"http:\/\/www.hospitaltocopilla.cl\/?attachment_id=704\" rel=\"attachment wp-att-704\"><img loading=\"lazy\" decoding=\"async\" class=\"alignnone size-full wp-image-704\" src=\"http:\/\/www.hospitaltocopilla.cl\/wp-content\/uploads\/2014\/04\/Imagen10.png\" alt=\"Imagen10\" width=\"1502\" height=\"404\" srcset=\"https:\/\/www.hospitaltocopilla.cl\/wp-content\/uploads\/2014\/04\/Imagen10.png 1502w, https:\/\/www.hospitaltocopilla.cl\/wp-content\/uploads\/2014\/04\/Imagen10-300x81.png 300w, https:\/\/www.hospitaltocopilla.cl\/wp-content\/uploads\/2014\/04\/Imagen10-1024x275.png 1024w, https:\/\/www.hospitaltocopilla.cl\/wp-content\/uploads\/2014\/04\/Imagen10-500x134.png 500w\" sizes=\"auto, (max-width: 1502px) 100vw, 1502px\" \/><\/a><\/p>\n<\/td>\n<\/tr>\n<\/tbody>\n<\/table>\n<p>&nbsp;<\/p>\n","protected":false},"excerpt":{"rendered":"<p>Esta iniciativa se enmarca dentro de la implementaci\u00f3n de un modelo de apertura hospitalaria hacia la familia y la comunidad. Su objetivo es \u201cIncorporar buenas pr\u00e1cticas de atenci\u00f3n centradas en el usuario, la familia y la comunidad, orientadas al trato digno, acogedor y amable, estimulando la participaci\u00f3n social. Un establecimiento hospitalario se constituye en \u201cHospital [&hellip;]<\/p>\n","protected":false},"author":8,"featured_media":3029,"parent":427,"menu_order":0,"comment_status":"closed","ping_status":"closed","template":"","meta":{"footnotes":""},"class_list":["post-506","page","type-page","status-publish","has-post-thumbnail","hentry"],"_links":{"self":[{"href":"https:\/\/www.hospitaltocopilla.cl\/index.php?rest_route=\/wp\/v2\/pages\/506","targetHints":{"allow":["GET"]}}],"collection":[{"href":"https:\/\/www.hospitaltocopilla.cl\/index.php?rest_route=\/wp\/v2\/pages"}],"about":[{"href":"https:\/\/www.hospitaltocopilla.cl\/index.php?rest_route=\/wp\/v2\/types\/page"}],"author":[{"embeddable":true,"href":"https:\/\/www.hospitaltocopilla.cl\/index.php?rest_route=\/wp\/v2\/users\/8"}],"replies":[{"embeddable":true,"href":"https:\/\/www.hospitaltocopilla.cl\/index.php?rest_route=%2Fwp%2Fv2%2Fcomments&post=506"}],"version-history":[{"count":7,"href":"https:\/\/www.hospitaltocopilla.cl\/index.php?rest_route=\/wp\/v2\/pages\/506\/revisions"}],"predecessor-version":[{"id":569,"href":"https:\/\/www.hospitaltocopilla.cl\/index.php?rest_route=\/wp\/v2\/pages\/506\/revisions\/569"}],"up":[{"embeddable":true,"href":"https:\/\/www.hospitaltocopilla.cl\/index.php?rest_route=\/wp\/v2\/pages\/427"}],"wp:featuredmedia":[{"embeddable":true,"href":"https:\/\/www.hospitaltocopilla.cl\/index.php?rest_route=\/wp\/v2\/media\/3029"}],"wp:attachment":[{"href":"https:\/\/www.hospitaltocopilla.cl\/index.php?rest_route=%2Fwp%2Fv2%2Fmedia&parent=506"}],"curies":[{"name":"wp","href":"https:\/\/api.w.org\/{rel}","templated":true}]}}