{"id":4486,"date":"2019-08-14T20:22:22","date_gmt":"2019-08-14T20:22:22","guid":{"rendered":"http:\/\/www.hospitaltocopilla.cl\/?page_id=4486"},"modified":"2019-08-14T20:24:07","modified_gmt":"2019-08-14T20:24:07","slug":"como-ingresar","status":"publish","type":"page","link":"https:\/\/www.hospitaltocopilla.cl\/?page_id=4486","title":{"rendered":"Servicios"},"content":{"rendered":"\n<p>Visita\ndomiciliaria integral y de ingreso&nbsp; <\/p>\n\n\n\n<p>Visita\nde tratamientos y\/o procedimientos<\/p>\n\n\n\n<p>Visita\nde seguimiento de salud<\/p>\n\n\n\n<p>Visita\nde morbilidad aguda<\/p>\n\n\n\n<p>Visita\ndomiciliaria oncol\u00f3gica <\/p>\n\n\n\n<p>Control\ndental domiciliario <\/p>\n\n\n\n<p>Evaluaci\u00f3n\nnutricional<\/p>\n\n\n\n<p>Talleres\nGrupales para Cuidadores de personas con Dependencia Severa y Oncol\u00f3gicas<\/p>\n","protected":false},"excerpt":{"rendered":"<p>Visita domiciliaria integral y de ingreso&nbsp; Visita de tratamientos y\/o procedimientos Visita de seguimiento de salud Visita de morbilidad aguda Visita domiciliaria oncol\u00f3gica Control dental domiciliario Evaluaci\u00f3n nutricional Talleres Grupales para Cuidadores de personas con Dependencia Severa y Oncol\u00f3gicas<\/p>\n","protected":false},"author":8,"featured_media":0,"parent":4424,"menu_order":0,"comment_status":"closed","ping_status":"closed","template":"","meta":{"footnotes":""},"class_list":["post-4486","page","type-page","status-publish","hentry"],"_links":{"self":[{"href":"https:\/\/www.hospitaltocopilla.cl\/index.php?rest_route=\/wp\/v2\/pages\/4486","targetHints":{"allow":["GET"]}}],"collection":[{"href":"https:\/\/www.hospitaltocopilla.cl\/index.php?rest_route=\/wp\/v2\/pages"}],"about":[{"href":"https:\/\/www.hospitaltocopilla.cl\/index.php?rest_route=\/wp\/v2\/types\/page"}],"author":[{"embeddable":true,"href":"https:\/\/www.hospitaltocopilla.cl\/index.php?rest_route=\/wp\/v2\/users\/8"}],"replies":[{"embeddable":true,"href":"https:\/\/www.hospitaltocopilla.cl\/index.php?rest_route=%2Fwp%2Fv2%2Fcomments&post=4486"}],"version-history":[{"count":3,"href":"https:\/\/www.hospitaltocopilla.cl\/index.php?rest_route=\/wp\/v2\/pages\/4486\/revisions"}],"predecessor-version":[{"id":4490,"href":"https:\/\/www.hospitaltocopilla.cl\/index.php?rest_route=\/wp\/v2\/pages\/4486\/revisions\/4490"}],"up":[{"embeddable":true,"href":"https:\/\/www.hospitaltocopilla.cl\/index.php?rest_route=\/wp\/v2\/pages\/4424"}],"wp:attachment":[{"href":"https:\/\/www.hospitaltocopilla.cl\/index.php?rest_route=%2Fwp%2Fv2%2Fmedia&parent=4486"}],"curies":[{"name":"wp","href":"https:\/\/api.w.org\/{rel}","templated":true}]}}