{"id":4436,"date":"2019-08-13T20:07:15","date_gmt":"2019-08-13T20:07:15","guid":{"rendered":"http:\/\/www.hospitaltocopilla.cl\/?page_id=4436"},"modified":"2019-08-14T20:26:29","modified_gmt":"2019-08-14T20:26:29","slug":"requisitos-de-ingreso","status":"publish","type":"page","link":"https:\/\/www.hospitaltocopilla.cl\/?page_id=4436","title":{"rendered":"Requisitos de ingreso"},"content":{"rendered":"\n<p><strong>\u00bfQui\u00e9nes pueden ingresar a este programa?<\/strong> <\/p>\n\n\n\n<p>Las\npersonas de cualquier rango etario y que sean beneficiarias de FONASA&nbsp; <\/p>\n\n\n\n<p>Toda\npersona con dependencia grave y total seg\u00fan \u00cdndice de Barthel y que requieran\nde un cuidador (a) para la realizaci\u00f3n de las actividades b\u00e1sicas de vida\ndiaria<\/p>\n\n\n\n<p>Personas\ncon patolog\u00edas oncol\u00f3gicas avanzadas (Etapa IV) inscritos en el Hospital\nComunitario Marcos Macuada Tocopilla. <\/p>\n\n\n\n<p>Los\nni\u00f1os y ni\u00f1as menores de 6 a\u00f1os que presenten diagn\u00f3sticos de origen mental o\nintelectual, donde el m\u00e9dico tratante extiende certificado para que pueda\ningresar al programa.<\/p>\n\n\n\n<p>Las personas que se encuentren institucionalizadas (vivan en hogares o establecimientos de larga estad\u00eda, p\u00fablicos o privados) y est\u00e9n inscritos en el centro de salud correspondiente.<\/p>\n\n\n\n<p><strong>\u00bfComo Ingresar?<\/strong><\/p>\n\n\n\n<p>Se\npuede ingresar por derivaci\u00f3n m\u00e9dica de pesquisa, agregando un comprobante de\neste mismo o bien por alg\u00fan profesional de salud de nuestra instituci\u00f3n. En\ncaso de un menor de 6 a\u00f1os, se debe adjuntar certificado que acredite\nenfermedad de origen mental o intelectual por m\u00e9dico tratante.<\/p>\n\n\n\n<p>Para\npersonas con alguna enfermedad oncol\u00f3gica en etapa (IV), solo con la derivaci\u00f3n\ndel Centro Oncol\u00f3gico del Norte (CON) o bien, con los antecedentes m\u00e9dicos de\nsu centro de salud correspondiente<\/p>\n","protected":false},"excerpt":{"rendered":"<p>\u00bfQui\u00e9nes pueden ingresar a este programa? Las personas de cualquier rango etario y que sean beneficiarias de FONASA&nbsp; Toda persona con dependencia grave y total seg\u00fan \u00cdndice de Barthel y que requieran de un cuidador (a) para la realizaci\u00f3n de las actividades b\u00e1sicas de vida diaria Personas con patolog\u00edas oncol\u00f3gicas avanzadas (Etapa IV) inscritos en [&hellip;]<\/p>\n","protected":false},"author":8,"featured_media":0,"parent":4424,"menu_order":0,"comment_status":"closed","ping_status":"closed","template":"","meta":{"footnotes":""},"class_list":["post-4436","page","type-page","status-publish","hentry"],"_links":{"self":[{"href":"https:\/\/www.hospitaltocopilla.cl\/index.php?rest_route=\/wp\/v2\/pages\/4436","targetHints":{"allow":["GET"]}}],"collection":[{"href":"https:\/\/www.hospitaltocopilla.cl\/index.php?rest_route=\/wp\/v2\/pages"}],"about":[{"href":"https:\/\/www.hospitaltocopilla.cl\/index.php?rest_route=\/wp\/v2\/types\/page"}],"author":[{"embeddable":true,"href":"https:\/\/www.hospitaltocopilla.cl\/index.php?rest_route=\/wp\/v2\/users\/8"}],"replies":[{"embeddable":true,"href":"https:\/\/www.hospitaltocopilla.cl\/index.php?rest_route=%2Fwp%2Fv2%2Fcomments&post=4436"}],"version-history":[{"count":5,"href":"https:\/\/www.hospitaltocopilla.cl\/index.php?rest_route=\/wp\/v2\/pages\/4436\/revisions"}],"predecessor-version":[{"id":4491,"href":"https:\/\/www.hospitaltocopilla.cl\/index.php?rest_route=\/wp\/v2\/pages\/4436\/revisions\/4491"}],"up":[{"embeddable":true,"href":"https:\/\/www.hospitaltocopilla.cl\/index.php?rest_route=\/wp\/v2\/pages\/4424"}],"wp:attachment":[{"href":"https:\/\/www.hospitaltocopilla.cl\/index.php?rest_route=%2Fwp%2Fv2%2Fmedia&parent=4436"}],"curies":[{"name":"wp","href":"https:\/\/api.w.org\/{rel}","templated":true}]}}