{"id":2596,"date":"2017-04-25T20:21:22","date_gmt":"2017-04-25T20:21:22","guid":{"rendered":"http:\/\/www.hospitaltocopilla.cl\/?page_id=2596"},"modified":"2025-05-29T19:12:46","modified_gmt":"2025-05-29T19:12:46","slug":"cuenta-publica-2016","status":"publish","type":"page","link":"https:\/\/www.hospitaltocopilla.cl\/?page_id=2596","title":{"rendered":"Cuentas P\u00fablicas"},"content":{"rendered":"\n<h3 class=\"wp-block-heading has-text-align-center\">Cuenta P\u00fablica Gesti\u00f3n 2024<\/h3>\n\n\n\n<figure class=\"wp-block-image size-full\"><a href=\"https:\/\/www.hospitaltocopilla.cl\/wp-content\/uploads\/2025\/05\/PPT-CUENTA-PUBLICA-GESTION-2024.pdf\"><img loading=\"lazy\" decoding=\"async\" width=\"960\" height=\"540\" src=\"https:\/\/www.hospitaltocopilla.cl\/wp-content\/uploads\/2025\/05\/PPT-CUENTA-PUBLICA-GESTION-2024-revisada.jpg\" alt=\"\" class=\"wp-image-6440\" srcset=\"https:\/\/www.hospitaltocopilla.cl\/wp-content\/uploads\/2025\/05\/PPT-CUENTA-PUBLICA-GESTION-2024-revisada.jpg 960w, https:\/\/www.hospitaltocopilla.cl\/wp-content\/uploads\/2025\/05\/PPT-CUENTA-PUBLICA-GESTION-2024-revisada-350x197.jpg 350w, https:\/\/www.hospitaltocopilla.cl\/wp-content\/uploads\/2025\/05\/PPT-CUENTA-PUBLICA-GESTION-2024-revisada-768x432.jpg 768w, https:\/\/www.hospitaltocopilla.cl\/wp-content\/uploads\/2025\/05\/PPT-CUENTA-PUBLICA-GESTION-2024-revisada-660x371.jpg 660w\" sizes=\"auto, (max-width: 960px) 100vw, 960px\" \/><\/a><\/figure>\n\n\n<h3 style=\"text-align: center;\">Cuenta P\u00fablica Gesti\u00f3n 2023<\/h3>\n<p><a href=\"https:\/\/www.hospitaltocopilla.cl\/wp-content\/uploads\/2025\/04\/PPT-CUENTA-PUBLICA-GESTION-2023.pdf\"><img loading=\"lazy\" decoding=\"async\" class=\"alignnone wp-image-6409 size-full\" src=\"https:\/\/www.hospitaltocopilla.cl\/wp-content\/uploads\/2025\/04\/cuenta-publica-2023.jpg\" alt=\"\" width=\"1062\" height=\"594\" srcset=\"https:\/\/www.hospitaltocopilla.cl\/wp-content\/uploads\/2025\/04\/cuenta-publica-2023.jpg 1062w, https:\/\/www.hospitaltocopilla.cl\/wp-content\/uploads\/2025\/04\/cuenta-publica-2023-350x196.jpg 350w, https:\/\/www.hospitaltocopilla.cl\/wp-content\/uploads\/2025\/04\/cuenta-publica-2023-1024x573.jpg 1024w, https:\/\/www.hospitaltocopilla.cl\/wp-content\/uploads\/2025\/04\/cuenta-publica-2023-768x430.jpg 768w, https:\/\/www.hospitaltocopilla.cl\/wp-content\/uploads\/2025\/04\/cuenta-publica-2023-660x369.jpg 660w\" sizes=\"auto, (max-width: 1062px) 100vw, 1062px\" \/><\/a><\/p>\n<h3 style=\"text-align: center;\">Cuenta P\u00fablica Gesti\u00f3n 2022<\/h3>\n<p><a href=\"https:\/\/www.hospitaltocopilla.cl\/wp-content\/uploads\/2023\/06\/PPT_CuentaPublica_Gestion-2022.pdf\" target=\"_blank\" rel=\"noopener\"><img loading=\"lazy\" decoding=\"async\" class=\"alignnone wp-image-5987\" src=\"https:\/\/www.hospitaltocopilla.cl\/wp-content\/uploads\/2023\/06\/consolas-350x197.jpg\" alt=\"\" width=\"847\" height=\"477\" srcset=\"https:\/\/www.hospitaltocopilla.cl\/wp-content\/uploads\/2023\/06\/consolas-350x197.jpg 350w, https:\/\/www.hospitaltocopilla.cl\/wp-content\/uploads\/2023\/06\/consolas-1024x576.jpg 1024w, https:\/\/www.hospitaltocopilla.cl\/wp-content\/uploads\/2023\/06\/consolas-768x432.jpg 768w, https:\/\/www.hospitaltocopilla.cl\/wp-content\/uploads\/2023\/06\/consolas-1536x864.jpg 1536w, https:\/\/www.hospitaltocopilla.cl\/wp-content\/uploads\/2023\/06\/consolas-2048x1152.jpg 2048w, https:\/\/www.hospitaltocopilla.cl\/wp-content\/uploads\/2023\/06\/consolas-660x371.jpg 660w\" sizes=\"auto, (max-width: 847px) 100vw, 847px\" \/><\/a><\/p>\n<h3 style=\"text-align: center;\">Cuenta P\u00fablica Gesti\u00f3n 2021<\/h3>\n<p><a href=\"https:\/\/www.hospitaltocopilla.cl\/wp-content\/uploads\/2022\/05\/Cuenta-Publica-2021.pdf\"><img loading=\"lazy\" decoding=\"async\" class=\"alignnone size-full wp-image-5670\" src=\"https:\/\/www.hospitaltocopilla.cl\/wp-content\/uploads\/2022\/05\/cuenta-publica-2021.jpg\" alt=\"\" width=\"1280\" height=\"720\" srcset=\"https:\/\/www.hospitaltocopilla.cl\/wp-content\/uploads\/2022\/05\/cuenta-publica-2021.jpg 1280w, https:\/\/www.hospitaltocopilla.cl\/wp-content\/uploads\/2022\/05\/cuenta-publica-2021-350x197.jpg 350w, https:\/\/www.hospitaltocopilla.cl\/wp-content\/uploads\/2022\/05\/cuenta-publica-2021-1024x576.jpg 1024w, https:\/\/www.hospitaltocopilla.cl\/wp-content\/uploads\/2022\/05\/cuenta-publica-2021-768x432.jpg 768w, https:\/\/www.hospitaltocopilla.cl\/wp-content\/uploads\/2022\/05\/cuenta-publica-2021-660x371.jpg 660w\" sizes=\"auto, (max-width: 1280px) 100vw, 1280px\" \/><\/a><\/p>\n<h3 style=\"text-align: center;\">Cuenta P\u00fablica Gesti\u00f3n 2020<\/h3>\n<p><a href=\"https:\/\/www.hospitaltocopilla.cl\/wp-content\/uploads\/2021\/05\/cuenta-publica-2020.pdf\" target=\"_blank\" rel=\"noopener noreferrer\"><img loading=\"lazy\" decoding=\"async\" class=\"alignnone wp-image-5251 size-full\" src=\"https:\/\/www.hospitaltocopilla.cl\/wp-content\/uploads\/2021\/05\/2021.jpg\" alt=\"\" width=\"1367\" height=\"765\" \/><\/a><\/p>\n<h3 style=\"text-align: center;\">Cuenta P\u00fablica Gesti\u00f3n 2019<\/h3>\n<p><a href=\"http:\/\/www.hospitaltocopilla.cl\/wp-content\/uploads\/2020\/06\/PPT_CuentaPublicaParticipativa_Gesti\u00f3n-2020_01.pdf\" target=\"_blank\" rel=\"noopener noreferrer\"><img loading=\"lazy\" decoding=\"async\" class=\"alignnone size-full wp-image-4954\" src=\"http:\/\/www.hospitaltocopilla.cl\/wp-content\/uploads\/2020\/05\/PPT_CuentaPublicaParticipativa_Gesti\u00f3n-2020_01.jpg\" alt=\"\" width=\"960\" height=\"720\" srcset=\"https:\/\/www.hospitaltocopilla.cl\/wp-content\/uploads\/2020\/05\/PPT_CuentaPublicaParticipativa_Gesti\u00f3n-2020_01.jpg 960w, https:\/\/www.hospitaltocopilla.cl\/wp-content\/uploads\/2020\/05\/PPT_CuentaPublicaParticipativa_Gesti\u00f3n-2020_01-300x225.jpg 300w, https:\/\/www.hospitaltocopilla.cl\/wp-content\/uploads\/2020\/05\/PPT_CuentaPublicaParticipativa_Gesti\u00f3n-2020_01-768x576.jpg 768w, https:\/\/www.hospitaltocopilla.cl\/wp-content\/uploads\/2020\/05\/PPT_CuentaPublicaParticipativa_Gesti\u00f3n-2020_01-660x495.jpg 660w\" sizes=\"auto, (max-width: 960px) 100vw, 960px\" \/><\/a><\/p>\n<h3 style=\"text-align: center;\">Cuenta P\u00fablica Participativa 2018<\/h3>\n<p><a href=\"http:\/\/www.hospitaltocopilla.cl\/wp-content\/uploads\/2019\/04\/PPT_CuentaPublicaParticipativa_Gesti\u00f3n-2018_011-convertido-1.pdf\" target=\"_blank\" rel=\"attachment noopener wp-att-3386 noreferrer\"><img loading=\"lazy\" decoding=\"async\" class=\"alignnone wp-image-4050 size-full\" src=\"http:\/\/www.hospitaltocopilla.cl\/wp-content\/uploads\/2019\/04\/PPT_CuentaPublicaParticipativa_Gesti\u00f3n-2018_01.jpg\" alt=\"\" width=\"960\" height=\"720\" srcset=\"https:\/\/www.hospitaltocopilla.cl\/wp-content\/uploads\/2019\/04\/PPT_CuentaPublicaParticipativa_Gesti\u00f3n-2018_01.jpg 960w, https:\/\/www.hospitaltocopilla.cl\/wp-content\/uploads\/2019\/04\/PPT_CuentaPublicaParticipativa_Gesti\u00f3n-2018_01-300x225.jpg 300w, https:\/\/www.hospitaltocopilla.cl\/wp-content\/uploads\/2019\/04\/PPT_CuentaPublicaParticipativa_Gesti\u00f3n-2018_01-768x576.jpg 768w, https:\/\/www.hospitaltocopilla.cl\/wp-content\/uploads\/2019\/04\/PPT_CuentaPublicaParticipativa_Gesti\u00f3n-2018_01-660x495.jpg 660w\" sizes=\"auto, (max-width: 960px) 100vw, 960px\" \/><\/a><\/p>\n<h3 style=\"text-align: center;\">Cuenta\u00a0P\u00fablica\u00a0Participativa 2017<\/h3>\n<h3 style=\"text-align: center;\"><a href=\"http:\/\/www.hospitaltocopilla.cl\/wp-content\/uploads\/2018\/06\/Cuenta-Publica-2017.pdf\" target=\"_blank\" rel=\"attachment wp-att-2610 noopener noreferrer\"><img loading=\"lazy\" decoding=\"async\" class=\"alignnone wp-image-2931 size-full\" src=\"http:\/\/www.hospitaltocopilla.cl\/wp-content\/uploads\/2018\/06\/Nueva-imagen.bmp\" alt=\"\" width=\"952\" height=\"709\" \/><\/a><\/h3>\n<h3 style=\"text-align: center;\">Cuenta P\u00fablica\u00a0Participativa 2016<\/h3>\n<p><a href=\"http:\/\/www.hospitaltocopilla.cl\/wp-content\/uploads\/2017\/04\/Cuenta-Publica-2016.compressed.pdf\" target=\"_blank\" rel=\"attachment wp-att-2610 noopener noreferrer\"><img loading=\"lazy\" decoding=\"async\" class=\"alignnone wp-image-2610 size-full\" src=\"http:\/\/www.hospitaltocopilla.cl\/wp-content\/uploads\/2017\/04\/Portada-Cta-2016.png\" alt=\"Portada Cta 2016\" width=\"1442\" height=\"1080\" srcset=\"https:\/\/www.hospitaltocopilla.cl\/wp-content\/uploads\/2017\/04\/Portada-Cta-2016.png 1442w, https:\/\/www.hospitaltocopilla.cl\/wp-content\/uploads\/2017\/04\/Portada-Cta-2016-300x225.png 300w, https:\/\/www.hospitaltocopilla.cl\/wp-content\/uploads\/2017\/04\/Portada-Cta-2016-768x575.png 768w, https:\/\/www.hospitaltocopilla.cl\/wp-content\/uploads\/2017\/04\/Portada-Cta-2016-1024x767.png 1024w, https:\/\/www.hospitaltocopilla.cl\/wp-content\/uploads\/2017\/04\/Portada-Cta-2016-660x494.png 660w\" sizes=\"auto, (max-width: 1442px) 100vw, 1442px\" \/><\/a><\/p>\n<h3 style=\"text-align: center;\">Cuenta\u00a0P\u00fablica\u00a0Participativa 2015<\/h3>\n<h3 style=\"text-align: center;\"><a href=\"http:\/\/www.hospitaltocopilla.cl\/wp-content\/uploads\/2018\/06\/Cuenta-publica-2015.pdf\" target=\"_blank\" rel=\"attachment wp-att-2610 noopener noreferrer\"><img loading=\"lazy\" decoding=\"async\" class=\"alignnone wp-image-2939 size-full\" src=\"http:\/\/www.hospitaltocopilla.cl\/wp-content\/uploads\/2018\/06\/Nueva-imagen-1.bmp\" alt=\"\" width=\"958\" height=\"715\" \/><\/a><\/h3>\n<h3 style=\"text-align: center;\">Cuenta\u00a0P\u00fablica\u00a0Participativa 2014<\/h3>\n<h3 style=\"text-align: center;\"><a href=\"http:\/\/www.hospitaltocopilla.cl\/wp-content\/uploads\/2018\/06\/Cuenta-Publica-2014.pdf\" target=\"_blank\" rel=\"attachment wp-att-2610 noopener noreferrer\"><img loading=\"lazy\" decoding=\"async\" class=\"alignnone wp-image-2943 size-full\" src=\"http:\/\/www.hospitaltocopilla.cl\/wp-content\/uploads\/2018\/06\/2014.bmp\" alt=\"\" width=\"952\" height=\"715\" \/><\/a><\/h3>\n<h3 style=\"text-align: center;\">Cuenta\u00a0P\u00fablica\u00a0Participativa 2013<\/h3>\n<h3 style=\"text-align: center;\"><a href=\"http:\/\/www.hospitaltocopilla.cl\/wp-content\/uploads\/2018\/06\/CUENTA-PUBLICA-2013.pdf\" target=\"_blank\" rel=\"attachment wp-att-2610 noopener noreferrer\"><img loading=\"lazy\" decoding=\"async\" class=\"alignnone wp-image-2944 size-full\" src=\"http:\/\/www.hospitaltocopilla.cl\/wp-content\/uploads\/2018\/06\/2013.bmp\" alt=\"\" width=\"955\" height=\"713\" \/><\/a><\/h3>\n\n\n<p><\/p>\n\n\n\n<h3 class=\"wp-block-heading\">&nbsp;<\/h3>\n\n\n\n<p><\/p>\n\n\n\n<p><\/p>\n","protected":false},"excerpt":{"rendered":"<p>Cuenta P\u00fablica Gesti\u00f3n 2024 Cuenta P\u00fablica Gesti\u00f3n 2023 Cuenta P\u00fablica Gesti\u00f3n 2022 Cuenta P\u00fablica Gesti\u00f3n 2021 Cuenta P\u00fablica Gesti\u00f3n 2020 Cuenta P\u00fablica Gesti\u00f3n 2019 Cuenta P\u00fablica Participativa 2018 Cuenta\u00a0P\u00fablica\u00a0Participativa 2017 Cuenta P\u00fablica\u00a0Participativa 2016 Cuenta\u00a0P\u00fablica\u00a0Participativa 2015 Cuenta\u00a0P\u00fablica\u00a0Participativa 2014 Cuenta\u00a0P\u00fablica\u00a0Participativa 2013 &nbsp;<\/p>\n","protected":false},"author":4,"featured_media":3032,"parent":0,"menu_order":0,"comment_status":"closed","ping_status":"closed","template":"","meta":{"footnotes":""},"class_list":["post-2596","page","type-page","status-publish","has-post-thumbnail","hentry"],"_links":{"self":[{"href":"https:\/\/www.hospitaltocopilla.cl\/index.php?rest_route=\/wp\/v2\/pages\/2596","targetHints":{"allow":["GET"]}}],"collection":[{"href":"https:\/\/www.hospitaltocopilla.cl\/index.php?rest_route=\/wp\/v2\/pages"}],"about":[{"href":"https:\/\/www.hospitaltocopilla.cl\/index.php?rest_route=\/wp\/v2\/types\/page"}],"author":[{"embeddable":true,"href":"https:\/\/www.hospitaltocopilla.cl\/index.php?rest_route=\/wp\/v2\/users\/4"}],"replies":[{"embeddable":true,"href":"https:\/\/www.hospitaltocopilla.cl\/index.php?rest_route=%2Fwp%2Fv2%2Fcomments&post=2596"}],"version-history":[{"count":54,"href":"https:\/\/www.hospitaltocopilla.cl\/index.php?rest_route=\/wp\/v2\/pages\/2596\/revisions"}],"predecessor-version":[{"id":6451,"href":"https:\/\/www.hospitaltocopilla.cl\/index.php?rest_route=\/wp\/v2\/pages\/2596\/revisions\/6451"}],"wp:featuredmedia":[{"embeddable":true,"href":"https:\/\/www.hospitaltocopilla.cl\/index.php?rest_route=\/wp\/v2\/media\/3032"}],"wp:attachment":[{"href":"https:\/\/www.hospitaltocopilla.cl\/index.php?rest_route=%2Fwp%2Fv2%2Fmedia&parent=2596"}],"curies":[{"name":"wp","href":"https:\/\/api.w.org\/{rel}","templated":true}]}}