{"id":2530,"date":"2017-02-21T12:00:13","date_gmt":"2017-02-21T12:00:13","guid":{"rendered":"http:\/\/www.hospitaltocopilla.cl\/?page_id=2530"},"modified":"2023-07-25T13:49:55","modified_gmt":"2023-07-25T13:49:55","slug":"trabaja-con-nosotros","status":"publish","type":"page","link":"https:\/\/www.hospitaltocopilla.cl\/?page_id=2530","title":{"rendered":"Trabaja con Nosotros"},"content":{"rendered":"<p>Ac\u00e1 encontrar\u00e1s informaci\u00f3n sobre nuestra oferta de trabajo<\/p>\n<p><span style=\"color: #000080;\"><strong>Buscamos un M\u00e9dico para nuestro Hospital<\/strong><\/span><\/p>\n<p><img loading=\"lazy\" decoding=\"async\" class=\"alignnone  wp-image-6034\" src=\"https:\/\/www.hospitaltocopilla.cl\/wp-content\/uploads\/2023\/07\/Trabajo-OFRECE-350x263.jpg\" alt=\"\" width=\"501\" height=\"376\" srcset=\"https:\/\/www.hospitaltocopilla.cl\/wp-content\/uploads\/2023\/07\/Trabajo-OFRECE-350x263.jpg 350w, https:\/\/www.hospitaltocopilla.cl\/wp-content\/uploads\/2023\/07\/Trabajo-OFRECE-768x576.jpg 768w, https:\/\/www.hospitaltocopilla.cl\/wp-content\/uploads\/2023\/07\/Trabajo-OFRECE-660x495.jpg 660w, https:\/\/www.hospitaltocopilla.cl\/wp-content\/uploads\/2023\/07\/Trabajo-OFRECE.jpg 960w\" sizes=\"auto, (max-width: 501px) 100vw, 501px\" \/><\/p>\n","protected":false},"excerpt":{"rendered":"<p>Ac\u00e1 encontrar\u00e1s informaci\u00f3n sobre nuestra oferta de trabajo Buscamos un M\u00e9dico para nuestro Hospital<\/p>\n","protected":false},"author":8,"featured_media":2533,"parent":0,"menu_order":0,"comment_status":"closed","ping_status":"closed","template":"","meta":{"footnotes":""},"class_list":["post-2530","page","type-page","status-publish","has-post-thumbnail","hentry"],"_links":{"self":[{"href":"https:\/\/www.hospitaltocopilla.cl\/index.php?rest_route=\/wp\/v2\/pages\/2530","targetHints":{"allow":["GET"]}}],"collection":[{"href":"https:\/\/www.hospitaltocopilla.cl\/index.php?rest_route=\/wp\/v2\/pages"}],"about":[{"href":"https:\/\/www.hospitaltocopilla.cl\/index.php?rest_route=\/wp\/v2\/types\/page"}],"author":[{"embeddable":true,"href":"https:\/\/www.hospitaltocopilla.cl\/index.php?rest_route=\/wp\/v2\/users\/8"}],"replies":[{"embeddable":true,"href":"https:\/\/www.hospitaltocopilla.cl\/index.php?rest_route=%2Fwp%2Fv2%2Fcomments&post=2530"}],"version-history":[{"count":8,"href":"https:\/\/www.hospitaltocopilla.cl\/index.php?rest_route=\/wp\/v2\/pages\/2530\/revisions"}],"predecessor-version":[{"id":6035,"href":"https:\/\/www.hospitaltocopilla.cl\/index.php?rest_route=\/wp\/v2\/pages\/2530\/revisions\/6035"}],"wp:featuredmedia":[{"embeddable":true,"href":"https:\/\/www.hospitaltocopilla.cl\/index.php?rest_route=\/wp\/v2\/media\/2533"}],"wp:attachment":[{"href":"https:\/\/www.hospitaltocopilla.cl\/index.php?rest_route=%2Fwp%2Fv2%2Fmedia&parent=2530"}],"curies":[{"name":"wp","href":"https:\/\/api.w.org\/{rel}","templated":true}]}}