{"id":1880,"date":"2016-01-08T19:07:41","date_gmt":"2016-01-08T19:07:41","guid":{"rendered":"http:\/\/www.hospitaltocopilla.cl\/?page_id=1880"},"modified":"2019-06-27T20:44:25","modified_gmt":"2019-06-27T20:44:25","slug":"campana-de-donacion-de-sangre","status":"publish","type":"page","link":"https:\/\/www.hospitaltocopilla.cl\/?page_id=1880","title":{"rendered":"CAMPA\u00d1A DE DONACI\u00d3N DE SANGRE"},"content":{"rendered":"<p>Un buen resultado tuvo la campa\u00f1a de<strong> \u201c<\/strong>Donaci\u00f3n de Sangre\u201d en el Hospital Comunitario Marcos Macuada, oportunidad donde los tocopillanos demostraron su altruismo y acudieron al llamado del centro asistencial.<\/p>\n<p>Desde temprano comenzaron a llegar los vecinos a donar a sangre a la Unidad de Medicina Transfusional ubicada en el segundo piso del Hospital Comunitario, quienes adem\u00e1s pudieron conocer la clasificaci\u00f3n de su grupo sangu\u00edneo y recibir un carnet de donante.<\/p>\n<p>En total fueron diez las personas que donaron sangre, a los cuales solo los motivaba el af\u00e1n de ayudar y aportar en esta campa\u00f1a que se realiza todos los a\u00f1os enmarcada en el D\u00eda Mundial de la Donaci\u00f3n de Sangre.<\/p>\n<p>Las personas que participaron en forma voluntaria en la actividad, recibieron de parte del Hospital Comunitario una colaci\u00f3n que les permiti\u00f3 renovar fuerzas antes de continuar con sus labores personales.<\/p>\n<p><a href=\"http:\/\/www.hospitaltocopilla.cl\/wp-content\/uploads\/2019\/06\/IMG_0934.jpg\"><img loading=\"lazy\" decoding=\"async\" class=\" wp-image-4158 aligncenter\" src=\"http:\/\/www.hospitaltocopilla.cl\/wp-content\/uploads\/2019\/06\/IMG_0934-300x225.jpg\" alt=\"\" width=\"449\" height=\"337\" srcset=\"https:\/\/www.hospitaltocopilla.cl\/wp-content\/uploads\/2019\/06\/IMG_0934-300x225.jpg 300w, https:\/\/www.hospitaltocopilla.cl\/wp-content\/uploads\/2019\/06\/IMG_0934-768x576.jpg 768w, https:\/\/www.hospitaltocopilla.cl\/wp-content\/uploads\/2019\/06\/IMG_0934-1024x768.jpg 1024w, https:\/\/www.hospitaltocopilla.cl\/wp-content\/uploads\/2019\/06\/IMG_0934-660x495.jpg 660w\" sizes=\"auto, (max-width: 449px) 100vw, 449px\" \/><\/a><\/p>\n<p><strong>Aqu\u00ed podr\u00e1s saber lo necesario para donar.\u00a0<\/strong><\/p>\n<p>Puedes ver tambi\u00e9n el tr\u00edptico digital pichando la primera imagen.<\/p>\n<p><a href=\"http:\/\/www.hospitaltocopilla.cl\/wp-content\/uploads\/2016\/01\/4.png\"><img loading=\"lazy\" decoding=\"async\" class=\"alignnone size-full wp-image-1876\" src=\"http:\/\/www.hospitaltocopilla.cl\/wp-content\/uploads\/2016\/01\/4.png\" alt=\"4\" width=\"509\" height=\"1080\" srcset=\"https:\/\/www.hospitaltocopilla.cl\/wp-content\/uploads\/2016\/01\/4.png 509w, https:\/\/www.hospitaltocopilla.cl\/wp-content\/uploads\/2016\/01\/4-141x300.png 141w, https:\/\/www.hospitaltocopilla.cl\/wp-content\/uploads\/2016\/01\/4-483x1024.png 483w\" sizes=\"auto, (max-width: 509px) 100vw, 509px\" \/><\/a> <a href=\"http:\/\/www.hospitaltocopilla.cl\/wp-content\/uploads\/2016\/01\/1.png\"><img loading=\"lazy\" decoding=\"async\" class=\"alignnone size-full wp-image-1873\" src=\"http:\/\/www.hospitaltocopilla.cl\/wp-content\/uploads\/2016\/01\/1.png\" alt=\"1\" width=\"506\" height=\"1080\" srcset=\"https:\/\/www.hospitaltocopilla.cl\/wp-content\/uploads\/2016\/01\/1.png 506w, https:\/\/www.hospitaltocopilla.cl\/wp-content\/uploads\/2016\/01\/1-141x300.png 141w, https:\/\/www.hospitaltocopilla.cl\/wp-content\/uploads\/2016\/01\/1-480x1024.png 480w\" sizes=\"auto, (max-width: 506px) 100vw, 506px\" \/><\/a> <a href=\"http:\/\/www.hospitaltocopilla.cl\/wp-content\/uploads\/2016\/01\/2.png\"><img loading=\"lazy\" decoding=\"async\" class=\"alignnone size-full wp-image-1874\" src=\"http:\/\/www.hospitaltocopilla.cl\/wp-content\/uploads\/2016\/01\/2.png\" alt=\"2\" width=\"509\" height=\"1079\" srcset=\"https:\/\/www.hospitaltocopilla.cl\/wp-content\/uploads\/2016\/01\/2.png 509w, https:\/\/www.hospitaltocopilla.cl\/wp-content\/uploads\/2016\/01\/2-142x300.png 142w, https:\/\/www.hospitaltocopilla.cl\/wp-content\/uploads\/2016\/01\/2-483x1024.png 483w\" sizes=\"auto, (max-width: 509px) 100vw, 509px\" \/><\/a> <a href=\"http:\/\/www.hospitaltocopilla.cl\/wp-content\/uploads\/2016\/01\/3.png\"><img loading=\"lazy\" decoding=\"async\" class=\"alignnone size-full wp-image-1875\" src=\"http:\/\/www.hospitaltocopilla.cl\/wp-content\/uploads\/2016\/01\/3.png\" alt=\"3\" width=\"508\" height=\"1078\" srcset=\"https:\/\/www.hospitaltocopilla.cl\/wp-content\/uploads\/2016\/01\/3.png 508w, https:\/\/www.hospitaltocopilla.cl\/wp-content\/uploads\/2016\/01\/3-141x300.png 141w, https:\/\/www.hospitaltocopilla.cl\/wp-content\/uploads\/2016\/01\/3-483x1024.png 483w\" sizes=\"auto, (max-width: 508px) 100vw, 508px\" \/><\/a> <a href=\"http:\/\/www.hospitaltocopilla.cl\/wp-content\/uploads\/2016\/01\/5.png\"><img loading=\"lazy\" decoding=\"async\" class=\"alignnone size-full wp-image-1877\" src=\"http:\/\/www.hospitaltocopilla.cl\/wp-content\/uploads\/2016\/01\/5.png\" alt=\"5\" width=\"510\" height=\"1080\" srcset=\"https:\/\/www.hospitaltocopilla.cl\/wp-content\/uploads\/2016\/01\/5.png 510w, https:\/\/www.hospitaltocopilla.cl\/wp-content\/uploads\/2016\/01\/5-142x300.png 142w, https:\/\/www.hospitaltocopilla.cl\/wp-content\/uploads\/2016\/01\/5-484x1024.png 484w\" sizes=\"auto, (max-width: 510px) 100vw, 510px\" \/><\/a> <a href=\"http:\/\/www.hospitaltocopilla.cl\/wp-content\/uploads\/2016\/01\/6.png\"><img loading=\"lazy\" decoding=\"async\" class=\"alignnone size-full wp-image-1878\" src=\"http:\/\/www.hospitaltocopilla.cl\/wp-content\/uploads\/2016\/01\/6.png\" alt=\"6\" width=\"509\" height=\"1080\" srcset=\"https:\/\/www.hospitaltocopilla.cl\/wp-content\/uploads\/2016\/01\/6.png 509w, https:\/\/www.hospitaltocopilla.cl\/wp-content\/uploads\/2016\/01\/6-141x300.png 141w, https:\/\/www.hospitaltocopilla.cl\/wp-content\/uploads\/2016\/01\/6-483x1024.png 483w\" sizes=\"auto, (max-width: 509px) 100vw, 509px\" \/><\/a><\/p>\n","protected":false},"excerpt":{"rendered":"<p>Un buen resultado tuvo la campa\u00f1a de \u201cDonaci\u00f3n de Sangre\u201d en el Hospital Comunitario Marcos Macuada, oportunidad donde los tocopillanos demostraron su altruismo y acudieron al llamado del centro asistencial. Desde temprano comenzaron a llegar los vecinos a donar a sangre a la Unidad de Medicina Transfusional ubicada en el segundo piso del Hospital Comunitario, [&hellip;]<\/p>\n","protected":false},"author":8,"featured_media":4224,"parent":861,"menu_order":0,"comment_status":"closed","ping_status":"closed","template":"","meta":{"footnotes":""},"class_list":["post-1880","page","type-page","status-publish","has-post-thumbnail","hentry"],"_links":{"self":[{"href":"https:\/\/www.hospitaltocopilla.cl\/index.php?rest_route=\/wp\/v2\/pages\/1880","targetHints":{"allow":["GET"]}}],"collection":[{"href":"https:\/\/www.hospitaltocopilla.cl\/index.php?rest_route=\/wp\/v2\/pages"}],"about":[{"href":"https:\/\/www.hospitaltocopilla.cl\/index.php?rest_route=\/wp\/v2\/types\/page"}],"author":[{"embeddable":true,"href":"https:\/\/www.hospitaltocopilla.cl\/index.php?rest_route=\/wp\/v2\/users\/8"}],"replies":[{"embeddable":true,"href":"https:\/\/www.hospitaltocopilla.cl\/index.php?rest_route=%2Fwp%2Fv2%2Fcomments&post=1880"}],"version-history":[{"count":4,"href":"https:\/\/www.hospitaltocopilla.cl\/index.php?rest_route=\/wp\/v2\/pages\/1880\/revisions"}],"predecessor-version":[{"id":4227,"href":"https:\/\/www.hospitaltocopilla.cl\/index.php?rest_route=\/wp\/v2\/pages\/1880\/revisions\/4227"}],"up":[{"embeddable":true,"href":"https:\/\/www.hospitaltocopilla.cl\/index.php?rest_route=\/wp\/v2\/pages\/861"}],"wp:featuredmedia":[{"embeddable":true,"href":"https:\/\/www.hospitaltocopilla.cl\/index.php?rest_route=\/wp\/v2\/media\/4224"}],"wp:attachment":[{"href":"https:\/\/www.hospitaltocopilla.cl\/index.php?rest_route=%2Fwp%2Fv2%2Fmedia&parent=1880"}],"curies":[{"name":"wp","href":"https:\/\/api.w.org\/{rel}","templated":true}]}}