{"id":1496,"date":"2015-03-24T17:44:01","date_gmt":"2015-03-24T17:44:01","guid":{"rendered":"http:\/\/www.hospitaltocopilla.cl\/?page_id=1496"},"modified":"2016-04-11T13:30:04","modified_gmt":"2016-04-11T13:30:04","slug":"dia-de-la-mujer-2015","status":"publish","type":"page","link":"https:\/\/www.hospitaltocopilla.cl\/?page_id=1496","title":{"rendered":"D\u00eda de la Mujer 2014"},"content":{"rendered":"<p>Este mi\u00e9rcoles 18 de marzo en la terraza del Hospital Marcos Macuada, se conmemor\u00f3 una nueva jornada del D\u00eda Internacional de la Mujer. La actividad, organizada por la Direcci\u00f3n del establecimiento, consider\u00f3 la distinci\u00f3n de mujeres destacadas pertenecientes a los distintos estamentos hospitalarios como a mujeres externas que contribuyen desde sus posiciones a una mejor gesti\u00f3n en salud.<\/p>\n<p>Ac\u00e1 Algunas fotos de la actividad<\/p>\n<p><a href=\"http:\/\/www.hospitaltocopilla.cl\/wp-content\/uploads\/2015\/03\/IMG_4286-Medium.jpg\"><img loading=\"lazy\" decoding=\"async\" class=\"alignnone size-full wp-image-1463\" src=\"http:\/\/www.hospitaltocopilla.cl\/wp-content\/uploads\/2015\/03\/IMG_4286-Medium.jpg\" alt=\"IMG_4286 (Medium)\" width=\"1152\" height=\"768\" srcset=\"https:\/\/www.hospitaltocopilla.cl\/wp-content\/uploads\/2015\/03\/IMG_4286-Medium.jpg 1152w, https:\/\/www.hospitaltocopilla.cl\/wp-content\/uploads\/2015\/03\/IMG_4286-Medium-300x200.jpg 300w, https:\/\/www.hospitaltocopilla.cl\/wp-content\/uploads\/2015\/03\/IMG_4286-Medium-1024x683.jpg 1024w, https:\/\/www.hospitaltocopilla.cl\/wp-content\/uploads\/2015\/03\/IMG_4286-Medium-450x300.jpg 450w\" sizes=\"auto, (max-width: 1152px) 100vw, 1152px\" \/><\/a> <a href=\"http:\/\/www.hospitaltocopilla.cl\/wp-content\/uploads\/2015\/03\/IMG_4287-Medium.jpg\"><img loading=\"lazy\" decoding=\"async\" class=\"alignnone size-full wp-image-1464\" src=\"http:\/\/www.hospitaltocopilla.cl\/wp-content\/uploads\/2015\/03\/IMG_4287-Medium.jpg\" alt=\"IMG_4287 (Medium)\" width=\"1152\" height=\"768\" srcset=\"https:\/\/www.hospitaltocopilla.cl\/wp-content\/uploads\/2015\/03\/IMG_4287-Medium.jpg 1152w, https:\/\/www.hospitaltocopilla.cl\/wp-content\/uploads\/2015\/03\/IMG_4287-Medium-300x200.jpg 300w, https:\/\/www.hospitaltocopilla.cl\/wp-content\/uploads\/2015\/03\/IMG_4287-Medium-1024x683.jpg 1024w, https:\/\/www.hospitaltocopilla.cl\/wp-content\/uploads\/2015\/03\/IMG_4287-Medium-450x300.jpg 450w\" sizes=\"auto, (max-width: 1152px) 100vw, 1152px\" \/><\/a> <a href=\"http:\/\/www.hospitaltocopilla.cl\/wp-content\/uploads\/2015\/03\/IMG_4288-Medium.jpg\"><img loading=\"lazy\" decoding=\"async\" class=\"alignnone size-full wp-image-1465\" src=\"http:\/\/www.hospitaltocopilla.cl\/wp-content\/uploads\/2015\/03\/IMG_4288-Medium.jpg\" alt=\"IMG_4288 (Medium)\" width=\"1152\" height=\"768\" srcset=\"https:\/\/www.hospitaltocopilla.cl\/wp-content\/uploads\/2015\/03\/IMG_4288-Medium.jpg 1152w, https:\/\/www.hospitaltocopilla.cl\/wp-content\/uploads\/2015\/03\/IMG_4288-Medium-300x200.jpg 300w, https:\/\/www.hospitaltocopilla.cl\/wp-content\/uploads\/2015\/03\/IMG_4288-Medium-1024x683.jpg 1024w, https:\/\/www.hospitaltocopilla.cl\/wp-content\/uploads\/2015\/03\/IMG_4288-Medium-450x300.jpg 450w\" sizes=\"auto, (max-width: 1152px) 100vw, 1152px\" \/><\/a> <a href=\"http:\/\/www.hospitaltocopilla.cl\/wp-content\/uploads\/2015\/03\/IMG_4289-Medium.jpg\"><img loading=\"lazy\" decoding=\"async\" class=\"alignnone size-full wp-image-1466\" src=\"http:\/\/www.hospitaltocopilla.cl\/wp-content\/uploads\/2015\/03\/IMG_4289-Medium.jpg\" alt=\"IMG_4289 (Medium)\" width=\"1152\" height=\"768\" srcset=\"https:\/\/www.hospitaltocopilla.cl\/wp-content\/uploads\/2015\/03\/IMG_4289-Medium.jpg 1152w, https:\/\/www.hospitaltocopilla.cl\/wp-content\/uploads\/2015\/03\/IMG_4289-Medium-300x200.jpg 300w, https:\/\/www.hospitaltocopilla.cl\/wp-content\/uploads\/2015\/03\/IMG_4289-Medium-1024x683.jpg 1024w, https:\/\/www.hospitaltocopilla.cl\/wp-content\/uploads\/2015\/03\/IMG_4289-Medium-450x300.jpg 450w\" sizes=\"auto, (max-width: 1152px) 100vw, 1152px\" \/><\/a> <a href=\"http:\/\/www.hospitaltocopilla.cl\/wp-content\/uploads\/2015\/03\/IMG_4291-Medium.jpg\"><img loading=\"lazy\" decoding=\"async\" class=\"alignnone size-full wp-image-1467\" src=\"http:\/\/www.hospitaltocopilla.cl\/wp-content\/uploads\/2015\/03\/IMG_4291-Medium.jpg\" alt=\"IMG_4291 (Medium)\" width=\"1152\" height=\"768\" srcset=\"https:\/\/www.hospitaltocopilla.cl\/wp-content\/uploads\/2015\/03\/IMG_4291-Medium.jpg 1152w, https:\/\/www.hospitaltocopilla.cl\/wp-content\/uploads\/2015\/03\/IMG_4291-Medium-300x200.jpg 300w, https:\/\/www.hospitaltocopilla.cl\/wp-content\/uploads\/2015\/03\/IMG_4291-Medium-1024x683.jpg 1024w, https:\/\/www.hospitaltocopilla.cl\/wp-content\/uploads\/2015\/03\/IMG_4291-Medium-450x300.jpg 450w\" sizes=\"auto, (max-width: 1152px) 100vw, 1152px\" \/><\/a><a href=\"http:\/\/www.hospitaltocopilla.cl\/wp-content\/uploads\/2015\/03\/IMG_4293-Medium.jpg\"><img loading=\"lazy\" decoding=\"async\" class=\"alignnone size-full wp-image-1468\" src=\"http:\/\/www.hospitaltocopilla.cl\/wp-content\/uploads\/2015\/03\/IMG_4293-Medium.jpg\" alt=\"IMG_4293 (Medium)\" width=\"1152\" height=\"768\" srcset=\"https:\/\/www.hospitaltocopilla.cl\/wp-content\/uploads\/2015\/03\/IMG_4293-Medium.jpg 1152w, https:\/\/www.hospitaltocopilla.cl\/wp-content\/uploads\/2015\/03\/IMG_4293-Medium-300x200.jpg 300w, https:\/\/www.hospitaltocopilla.cl\/wp-content\/uploads\/2015\/03\/IMG_4293-Medium-1024x683.jpg 1024w, https:\/\/www.hospitaltocopilla.cl\/wp-content\/uploads\/2015\/03\/IMG_4293-Medium-450x300.jpg 450w\" sizes=\"auto, (max-width: 1152px) 100vw, 1152px\" \/><\/a><a href=\"http:\/\/www.hospitaltocopilla.cl\/wp-content\/uploads\/2015\/03\/IMG_4295-Medium.jpg\"><img loading=\"lazy\" decoding=\"async\" class=\"alignnone size-full wp-image-1469\" src=\"http:\/\/www.hospitaltocopilla.cl\/wp-content\/uploads\/2015\/03\/IMG_4295-Medium.jpg\" alt=\"IMG_4295 (Medium)\" width=\"1152\" height=\"768\" srcset=\"https:\/\/www.hospitaltocopilla.cl\/wp-content\/uploads\/2015\/03\/IMG_4295-Medium.jpg 1152w, https:\/\/www.hospitaltocopilla.cl\/wp-content\/uploads\/2015\/03\/IMG_4295-Medium-300x200.jpg 300w, https:\/\/www.hospitaltocopilla.cl\/wp-content\/uploads\/2015\/03\/IMG_4295-Medium-1024x683.jpg 1024w, https:\/\/www.hospitaltocopilla.cl\/wp-content\/uploads\/2015\/03\/IMG_4295-Medium-450x300.jpg 450w\" sizes=\"auto, (max-width: 1152px) 100vw, 1152px\" \/><\/a><a href=\"http:\/\/www.hospitaltocopilla.cl\/wp-content\/uploads\/2015\/03\/IMG_4296-Medium.jpg\"><img loading=\"lazy\" decoding=\"async\" class=\"alignnone size-full wp-image-1470\" src=\"http:\/\/www.hospitaltocopilla.cl\/wp-content\/uploads\/2015\/03\/IMG_4296-Medium.jpg\" alt=\"IMG_4296 (Medium)\" width=\"1152\" height=\"768\" srcset=\"https:\/\/www.hospitaltocopilla.cl\/wp-content\/uploads\/2015\/03\/IMG_4296-Medium.jpg 1152w, https:\/\/www.hospitaltocopilla.cl\/wp-content\/uploads\/2015\/03\/IMG_4296-Medium-300x200.jpg 300w, https:\/\/www.hospitaltocopilla.cl\/wp-content\/uploads\/2015\/03\/IMG_4296-Medium-1024x683.jpg 1024w, https:\/\/www.hospitaltocopilla.cl\/wp-content\/uploads\/2015\/03\/IMG_4296-Medium-450x300.jpg 450w\" sizes=\"auto, (max-width: 1152px) 100vw, 1152px\" \/><\/a><a href=\"http:\/\/www.hospitaltocopilla.cl\/wp-content\/uploads\/2015\/03\/IMG_4298-Medium.jpg\"><img loading=\"lazy\" decoding=\"async\" class=\"alignnone size-full wp-image-1471\" src=\"http:\/\/www.hospitaltocopilla.cl\/wp-content\/uploads\/2015\/03\/IMG_4298-Medium.jpg\" alt=\"IMG_4298 (Medium)\" width=\"1152\" height=\"768\" srcset=\"https:\/\/www.hospitaltocopilla.cl\/wp-content\/uploads\/2015\/03\/IMG_4298-Medium.jpg 1152w, https:\/\/www.hospitaltocopilla.cl\/wp-content\/uploads\/2015\/03\/IMG_4298-Medium-300x200.jpg 300w, https:\/\/www.hospitaltocopilla.cl\/wp-content\/uploads\/2015\/03\/IMG_4298-Medium-1024x683.jpg 1024w, https:\/\/www.hospitaltocopilla.cl\/wp-content\/uploads\/2015\/03\/IMG_4298-Medium-450x300.jpg 450w\" sizes=\"auto, (max-width: 1152px) 100vw, 1152px\" \/><\/a><a href=\"http:\/\/www.hospitaltocopilla.cl\/wp-content\/uploads\/2015\/03\/IMG_4297-Medium.jpg\"><img loading=\"lazy\" decoding=\"async\" class=\"alignnone size-full wp-image-1472\" src=\"http:\/\/www.hospitaltocopilla.cl\/wp-content\/uploads\/2015\/03\/IMG_4297-Medium.jpg\" alt=\"IMG_4297 (Medium)\" width=\"1152\" height=\"768\" srcset=\"https:\/\/www.hospitaltocopilla.cl\/wp-content\/uploads\/2015\/03\/IMG_4297-Medium.jpg 1152w, https:\/\/www.hospitaltocopilla.cl\/wp-content\/uploads\/2015\/03\/IMG_4297-Medium-300x200.jpg 300w, https:\/\/www.hospitaltocopilla.cl\/wp-content\/uploads\/2015\/03\/IMG_4297-Medium-1024x683.jpg 1024w, https:\/\/www.hospitaltocopilla.cl\/wp-content\/uploads\/2015\/03\/IMG_4297-Medium-450x300.jpg 450w\" sizes=\"auto, (max-width: 1152px) 100vw, 1152px\" \/><\/a><a href=\"http:\/\/www.hospitaltocopilla.cl\/wp-content\/uploads\/2015\/03\/IMG_4300-Medium.jpg\"><img loading=\"lazy\" decoding=\"async\" class=\"alignnone size-full wp-image-1473\" src=\"http:\/\/www.hospitaltocopilla.cl\/wp-content\/uploads\/2015\/03\/IMG_4300-Medium.jpg\" alt=\"IMG_4300 (Medium)\" width=\"1152\" height=\"768\" srcset=\"https:\/\/www.hospitaltocopilla.cl\/wp-content\/uploads\/2015\/03\/IMG_4300-Medium.jpg 1152w, https:\/\/www.hospitaltocopilla.cl\/wp-content\/uploads\/2015\/03\/IMG_4300-Medium-300x200.jpg 300w, https:\/\/www.hospitaltocopilla.cl\/wp-content\/uploads\/2015\/03\/IMG_4300-Medium-1024x683.jpg 1024w, https:\/\/www.hospitaltocopilla.cl\/wp-content\/uploads\/2015\/03\/IMG_4300-Medium-450x300.jpg 450w\" sizes=\"auto, (max-width: 1152px) 100vw, 1152px\" \/><\/a><a href=\"http:\/\/www.hospitaltocopilla.cl\/wp-content\/uploads\/2015\/03\/IMG_4303-Medium.jpg\"><img loading=\"lazy\" decoding=\"async\" class=\"alignnone size-full wp-image-1474\" src=\"http:\/\/www.hospitaltocopilla.cl\/wp-content\/uploads\/2015\/03\/IMG_4303-Medium.jpg\" alt=\"IMG_4303 (Medium)\" width=\"1152\" height=\"768\" srcset=\"https:\/\/www.hospitaltocopilla.cl\/wp-content\/uploads\/2015\/03\/IMG_4303-Medium.jpg 1152w, https:\/\/www.hospitaltocopilla.cl\/wp-content\/uploads\/2015\/03\/IMG_4303-Medium-300x200.jpg 300w, https:\/\/www.hospitaltocopilla.cl\/wp-content\/uploads\/2015\/03\/IMG_4303-Medium-1024x683.jpg 1024w, https:\/\/www.hospitaltocopilla.cl\/wp-content\/uploads\/2015\/03\/IMG_4303-Medium-450x300.jpg 450w\" sizes=\"auto, (max-width: 1152px) 100vw, 1152px\" \/><\/a><a href=\"http:\/\/www.hospitaltocopilla.cl\/wp-content\/uploads\/2015\/03\/IMG_4306-Medium.jpg\"><img loading=\"lazy\" decoding=\"async\" class=\"alignnone size-full wp-image-1475\" src=\"http:\/\/www.hospitaltocopilla.cl\/wp-content\/uploads\/2015\/03\/IMG_4306-Medium.jpg\" alt=\"IMG_4306 (Medium)\" width=\"1152\" height=\"768\" srcset=\"https:\/\/www.hospitaltocopilla.cl\/wp-content\/uploads\/2015\/03\/IMG_4306-Medium.jpg 1152w, https:\/\/www.hospitaltocopilla.cl\/wp-content\/uploads\/2015\/03\/IMG_4306-Medium-300x200.jpg 300w, https:\/\/www.hospitaltocopilla.cl\/wp-content\/uploads\/2015\/03\/IMG_4306-Medium-1024x683.jpg 1024w, https:\/\/www.hospitaltocopilla.cl\/wp-content\/uploads\/2015\/03\/IMG_4306-Medium-450x300.jpg 450w\" sizes=\"auto, (max-width: 1152px) 100vw, 1152px\" \/><\/a><a href=\"http:\/\/www.hospitaltocopilla.cl\/wp-content\/uploads\/2015\/03\/IMG_4323-Medium.jpg\"><img loading=\"lazy\" decoding=\"async\" class=\"alignnone size-full wp-image-1497\" src=\"http:\/\/www.hospitaltocopilla.cl\/wp-content\/uploads\/2015\/03\/IMG_4323-Medium.jpg\" alt=\"IMG_4323 (Medium)\" width=\"1058\" height=\"768\" srcset=\"https:\/\/www.hospitaltocopilla.cl\/wp-content\/uploads\/2015\/03\/IMG_4323-Medium.jpg 1058w, https:\/\/www.hospitaltocopilla.cl\/wp-content\/uploads\/2015\/03\/IMG_4323-Medium-300x218.jpg 300w, https:\/\/www.hospitaltocopilla.cl\/wp-content\/uploads\/2015\/03\/IMG_4323-Medium-1024x743.jpg 1024w, https:\/\/www.hospitaltocopilla.cl\/wp-content\/uploads\/2015\/03\/IMG_4323-Medium-413x300.jpg 413w\" sizes=\"auto, (max-width: 1058px) 100vw, 1058px\" \/><\/a><\/p>\n<p>&nbsp;<\/p>\n","protected":false},"excerpt":{"rendered":"<p>Este mi\u00e9rcoles 18 de marzo en la terraza del Hospital Marcos Macuada, se conmemor\u00f3 una nueva jornada del D\u00eda Internacional de la Mujer. La actividad, organizada por la Direcci\u00f3n del establecimiento, consider\u00f3 la distinci\u00f3n de mujeres destacadas pertenecientes a los distintos estamentos hospitalarios como a mujeres externas que contribuyen desde sus posiciones a una mejor [&hellip;]<\/p>\n","protected":false},"author":8,"featured_media":0,"parent":1051,"menu_order":0,"comment_status":"closed","ping_status":"closed","template":"sidebar-page.php","meta":{"footnotes":""},"class_list":["post-1496","page","type-page","status-publish","hentry"],"_links":{"self":[{"href":"https:\/\/www.hospitaltocopilla.cl\/index.php?rest_route=\/wp\/v2\/pages\/1496","targetHints":{"allow":["GET"]}}],"collection":[{"href":"https:\/\/www.hospitaltocopilla.cl\/index.php?rest_route=\/wp\/v2\/pages"}],"about":[{"href":"https:\/\/www.hospitaltocopilla.cl\/index.php?rest_route=\/wp\/v2\/types\/page"}],"author":[{"embeddable":true,"href":"https:\/\/www.hospitaltocopilla.cl\/index.php?rest_route=\/wp\/v2\/users\/8"}],"replies":[{"embeddable":true,"href":"https:\/\/www.hospitaltocopilla.cl\/index.php?rest_route=%2Fwp%2Fv2%2Fcomments&post=1496"}],"version-history":[{"count":2,"href":"https:\/\/www.hospitaltocopilla.cl\/index.php?rest_route=\/wp\/v2\/pages\/1496\/revisions"}],"predecessor-version":[{"id":2040,"href":"https:\/\/www.hospitaltocopilla.cl\/index.php?rest_route=\/wp\/v2\/pages\/1496\/revisions\/2040"}],"up":[{"embeddable":true,"href":"https:\/\/www.hospitaltocopilla.cl\/index.php?rest_route=\/wp\/v2\/pages\/1051"}],"wp:attachment":[{"href":"https:\/\/www.hospitaltocopilla.cl\/index.php?rest_route=%2Fwp%2Fv2%2Fmedia&parent=1496"}],"curies":[{"name":"wp","href":"https:\/\/api.w.org\/{rel}","templated":true}]}}