{"id":1105,"date":"2014-09-30T15:34:55","date_gmt":"2014-09-30T15:34:55","guid":{"rendered":"http:\/\/www.hospitaltocopilla.cl\/?page_id=1105"},"modified":"2014-09-30T17:47:01","modified_gmt":"2014-09-30T17:47:01","slug":"concurso-de-pesebres-2013","status":"publish","type":"page","link":"https:\/\/www.hospitaltocopilla.cl\/?page_id=1105","title":{"rendered":"Concurso de Pesebres 2013"},"content":{"rendered":"<p>El pesebre, para el mundo cristiano es una construcci\u00f3n que representa el nacimiento de Jes\u00fas y es uno de los s\u00edmbolos m\u00e1s importante de la navidad. De all\u00ed que la idea de realizar un concurso que permita la unidad de los servicios y fomente el esp\u00edritu propio de las fiestas de fin de a\u00f1o.<\/p>\n<p>En ese contexto, es que se espera con este concurso que en cada pesebre, adem\u00e1s de ver un compromiso por parte los equipos humanos de cada servicio, encontremos un mensaje de unidad y cari\u00f1o, que es lo que buscamos transmitir en esta \u00e9poca a los funcionarios, usuarios y comunidad en general.<\/p>\n<p>La creaci\u00f3n y posterior exhibici\u00f3n de los pesebres en el hall de nuestro hospital, constituy\u00f3 un hito comunicacional importante en la l\u00ednea de participaci\u00f3n ciudadana. Esto, porque se generan espacios amigables y de cercan\u00eda con nuestros usuarios, configur\u00e1ndose de manera paralela, una importante acci\u00f3n desarrollada en la gesti\u00f3n organizacional ya que fomenta el trabajo en equipo y la unidad entre los funcionarios.<\/p>\n<p>Ac\u00e1 algunas fotos<\/p>\n<p><a href=\"http:\/\/www.hospitaltocopilla.cl\/wp-content\/uploads\/2014\/09\/afiche-concurso-pesebre.jpg\"><img loading=\"lazy\" decoding=\"async\" class=\"alignnone size-full wp-image-1134\" src=\"http:\/\/www.hospitaltocopilla.cl\/wp-content\/uploads\/2014\/09\/afiche-concurso-pesebre.jpg\" alt=\"afiche concurso pesebre\" width=\"956\" height=\"718\" srcset=\"https:\/\/www.hospitaltocopilla.cl\/wp-content\/uploads\/2014\/09\/afiche-concurso-pesebre.jpg 956w, https:\/\/www.hospitaltocopilla.cl\/wp-content\/uploads\/2014\/09\/afiche-concurso-pesebre-300x225.jpg 300w, https:\/\/www.hospitaltocopilla.cl\/wp-content\/uploads\/2014\/09\/afiche-concurso-pesebre-399x300.jpg 399w\" sizes=\"auto, (max-width: 956px) 100vw, 956px\" \/><\/a><\/p>\n<p><a href=\"http:\/\/www.hospitaltocopilla.cl\/wp-content\/uploads\/2014\/09\/524671_10152087648997840_688644553_n.jpg\"><img loading=\"lazy\" decoding=\"async\" class=\"alignnone size-full wp-image-1106\" src=\"http:\/\/www.hospitaltocopilla.cl\/wp-content\/uploads\/2014\/09\/524671_10152087648997840_688644553_n.jpg\" alt=\"524671_10152087648997840_688644553_n\" width=\"960\" height=\"640\" srcset=\"https:\/\/www.hospitaltocopilla.cl\/wp-content\/uploads\/2014\/09\/524671_10152087648997840_688644553_n.jpg 960w, https:\/\/www.hospitaltocopilla.cl\/wp-content\/uploads\/2014\/09\/524671_10152087648997840_688644553_n-300x200.jpg 300w, https:\/\/www.hospitaltocopilla.cl\/wp-content\/uploads\/2014\/09\/524671_10152087648997840_688644553_n-450x300.jpg 450w\" sizes=\"auto, (max-width: 960px) 100vw, 960px\" \/><\/a> <a href=\"http:\/\/www.hospitaltocopilla.cl\/wp-content\/uploads\/2014\/09\/558076_10152087651512840_1075852512_n.jpg\"><img loading=\"lazy\" decoding=\"async\" class=\"alignnone size-full wp-image-1107\" src=\"http:\/\/www.hospitaltocopilla.cl\/wp-content\/uploads\/2014\/09\/558076_10152087651512840_1075852512_n.jpg\" alt=\"558076_10152087651512840_1075852512_n\" width=\"960\" height=\"640\" srcset=\"https:\/\/www.hospitaltocopilla.cl\/wp-content\/uploads\/2014\/09\/558076_10152087651512840_1075852512_n.jpg 960w, https:\/\/www.hospitaltocopilla.cl\/wp-content\/uploads\/2014\/09\/558076_10152087651512840_1075852512_n-300x200.jpg 300w, https:\/\/www.hospitaltocopilla.cl\/wp-content\/uploads\/2014\/09\/558076_10152087651512840_1075852512_n-450x300.jpg 450w\" sizes=\"auto, (max-width: 960px) 100vw, 960px\" \/><\/a> <a href=\"http:\/\/www.hospitaltocopilla.cl\/wp-content\/uploads\/2014\/09\/960218_10152087648062840_62898811_n.jpg\"><img loading=\"lazy\" decoding=\"async\" class=\"alignnone size-full wp-image-1108\" src=\"http:\/\/www.hospitaltocopilla.cl\/wp-content\/uploads\/2014\/09\/960218_10152087648062840_62898811_n.jpg\" alt=\"960218_10152087648062840_62898811_n\" width=\"960\" height=\"640\" srcset=\"https:\/\/www.hospitaltocopilla.cl\/wp-content\/uploads\/2014\/09\/960218_10152087648062840_62898811_n.jpg 960w, https:\/\/www.hospitaltocopilla.cl\/wp-content\/uploads\/2014\/09\/960218_10152087648062840_62898811_n-300x200.jpg 300w, https:\/\/www.hospitaltocopilla.cl\/wp-content\/uploads\/2014\/09\/960218_10152087648062840_62898811_n-450x300.jpg 450w\" sizes=\"auto, (max-width: 960px) 100vw, 960px\" \/><\/a> <a href=\"http:\/\/www.hospitaltocopilla.cl\/wp-content\/uploads\/2014\/09\/993483_10152087648027840_1261550280_n.jpg\"><img loading=\"lazy\" decoding=\"async\" class=\"alignnone size-full wp-image-1109\" src=\"http:\/\/www.hospitaltocopilla.cl\/wp-content\/uploads\/2014\/09\/993483_10152087648027840_1261550280_n.jpg\" alt=\"993483_10152087648027840_1261550280_n\" width=\"960\" height=\"640\" srcset=\"https:\/\/www.hospitaltocopilla.cl\/wp-content\/uploads\/2014\/09\/993483_10152087648027840_1261550280_n.jpg 960w, https:\/\/www.hospitaltocopilla.cl\/wp-content\/uploads\/2014\/09\/993483_10152087648027840_1261550280_n-300x200.jpg 300w, https:\/\/www.hospitaltocopilla.cl\/wp-content\/uploads\/2014\/09\/993483_10152087648027840_1261550280_n-450x300.jpg 450w\" sizes=\"auto, (max-width: 960px) 100vw, 960px\" \/><\/a> <a href=\"http:\/\/www.hospitaltocopilla.cl\/wp-content\/uploads\/2014\/09\/994096_10152087648577840_2017392050_n.jpg\"><img loading=\"lazy\" decoding=\"async\" class=\"alignnone size-full wp-image-1110\" src=\"http:\/\/www.hospitaltocopilla.cl\/wp-content\/uploads\/2014\/09\/994096_10152087648577840_2017392050_n.jpg\" alt=\"994096_10152087648577840_2017392050_n\" width=\"960\" height=\"640\" srcset=\"https:\/\/www.hospitaltocopilla.cl\/wp-content\/uploads\/2014\/09\/994096_10152087648577840_2017392050_n.jpg 960w, https:\/\/www.hospitaltocopilla.cl\/wp-content\/uploads\/2014\/09\/994096_10152087648577840_2017392050_n-300x200.jpg 300w, https:\/\/www.hospitaltocopilla.cl\/wp-content\/uploads\/2014\/09\/994096_10152087648577840_2017392050_n-450x300.jpg 450w\" sizes=\"auto, (max-width: 960px) 100vw, 960px\" \/><\/a> <a href=\"http:\/\/www.hospitaltocopilla.cl\/wp-content\/uploads\/2014\/09\/1012740_10152087648747840_836820821_n.jpg\"><img loading=\"lazy\" decoding=\"async\" class=\"alignnone size-full wp-image-1111\" src=\"http:\/\/www.hospitaltocopilla.cl\/wp-content\/uploads\/2014\/09\/1012740_10152087648747840_836820821_n.jpg\" alt=\"1012740_10152087648747840_836820821_n\" width=\"960\" height=\"640\" srcset=\"https:\/\/www.hospitaltocopilla.cl\/wp-content\/uploads\/2014\/09\/1012740_10152087648747840_836820821_n.jpg 960w, https:\/\/www.hospitaltocopilla.cl\/wp-content\/uploads\/2014\/09\/1012740_10152087648747840_836820821_n-300x200.jpg 300w, https:\/\/www.hospitaltocopilla.cl\/wp-content\/uploads\/2014\/09\/1012740_10152087648747840_836820821_n-450x300.jpg 450w\" sizes=\"auto, (max-width: 960px) 100vw, 960px\" \/><\/a> <a href=\"http:\/\/www.hospitaltocopilla.cl\/wp-content\/uploads\/2014\/09\/1424310_10152087649592840_191436208_n.jpg\"><img loading=\"lazy\" decoding=\"async\" class=\"alignnone size-full wp-image-1112\" src=\"http:\/\/www.hospitaltocopilla.cl\/wp-content\/uploads\/2014\/09\/1424310_10152087649592840_191436208_n.jpg\" alt=\"1424310_10152087649592840_191436208_n\" width=\"640\" height=\"960\" srcset=\"https:\/\/www.hospitaltocopilla.cl\/wp-content\/uploads\/2014\/09\/1424310_10152087649592840_191436208_n.jpg 640w, https:\/\/www.hospitaltocopilla.cl\/wp-content\/uploads\/2014\/09\/1424310_10152087649592840_191436208_n-200x300.jpg 200w\" sizes=\"auto, (max-width: 640px) 100vw, 640px\" \/><\/a> <a href=\"http:\/\/www.hospitaltocopilla.cl\/wp-content\/uploads\/2014\/09\/1459755_10152087647627840_55180237_n.jpg\"><img loading=\"lazy\" decoding=\"async\" class=\"alignnone size-full wp-image-1113\" src=\"http:\/\/www.hospitaltocopilla.cl\/wp-content\/uploads\/2014\/09\/1459755_10152087647627840_55180237_n.jpg\" alt=\"1459755_10152087647627840_55180237_n\" width=\"960\" height=\"640\" srcset=\"https:\/\/www.hospitaltocopilla.cl\/wp-content\/uploads\/2014\/09\/1459755_10152087647627840_55180237_n.jpg 960w, https:\/\/www.hospitaltocopilla.cl\/wp-content\/uploads\/2014\/09\/1459755_10152087647627840_55180237_n-300x200.jpg 300w, https:\/\/www.hospitaltocopilla.cl\/wp-content\/uploads\/2014\/09\/1459755_10152087647627840_55180237_n-450x300.jpg 450w\" sizes=\"auto, (max-width: 960px) 100vw, 960px\" \/><\/a> <a href=\"http:\/\/www.hospitaltocopilla.cl\/wp-content\/uploads\/2014\/09\/1459865_10152087651747840_545219151_n.jpg\"><img loading=\"lazy\" decoding=\"async\" class=\"alignnone size-full wp-image-1114\" src=\"http:\/\/www.hospitaltocopilla.cl\/wp-content\/uploads\/2014\/09\/1459865_10152087651747840_545219151_n.jpg\" alt=\"1459865_10152087651747840_545219151_n\" width=\"960\" height=\"640\" srcset=\"https:\/\/www.hospitaltocopilla.cl\/wp-content\/uploads\/2014\/09\/1459865_10152087651747840_545219151_n.jpg 960w, https:\/\/www.hospitaltocopilla.cl\/wp-content\/uploads\/2014\/09\/1459865_10152087651747840_545219151_n-300x200.jpg 300w, https:\/\/www.hospitaltocopilla.cl\/wp-content\/uploads\/2014\/09\/1459865_10152087651747840_545219151_n-450x300.jpg 450w\" sizes=\"auto, (max-width: 960px) 100vw, 960px\" \/><\/a> <a href=\"http:\/\/www.hospitaltocopilla.cl\/wp-content\/uploads\/2014\/09\/1463131_10152087648377840_1772318660_n.jpg\"><img loading=\"lazy\" decoding=\"async\" class=\"alignnone size-full wp-image-1115\" src=\"http:\/\/www.hospitaltocopilla.cl\/wp-content\/uploads\/2014\/09\/1463131_10152087648377840_1772318660_n.jpg\" alt=\"1463131_10152087648377840_1772318660_n\" width=\"960\" height=\"640\" srcset=\"https:\/\/www.hospitaltocopilla.cl\/wp-content\/uploads\/2014\/09\/1463131_10152087648377840_1772318660_n.jpg 960w, https:\/\/www.hospitaltocopilla.cl\/wp-content\/uploads\/2014\/09\/1463131_10152087648377840_1772318660_n-300x200.jpg 300w, https:\/\/www.hospitaltocopilla.cl\/wp-content\/uploads\/2014\/09\/1463131_10152087648377840_1772318660_n-450x300.jpg 450w\" sizes=\"auto, (max-width: 960px) 100vw, 960px\" \/><\/a> <a href=\"http:\/\/www.hospitaltocopilla.cl\/wp-content\/uploads\/2014\/09\/1463306_10152087647917840_507532798_n.jpg\"><img loading=\"lazy\" decoding=\"async\" class=\"alignnone size-full wp-image-1116\" src=\"http:\/\/www.hospitaltocopilla.cl\/wp-content\/uploads\/2014\/09\/1463306_10152087647917840_507532798_n.jpg\" alt=\"1463306_10152087647917840_507532798_n\" width=\"960\" height=\"640\" srcset=\"https:\/\/www.hospitaltocopilla.cl\/wp-content\/uploads\/2014\/09\/1463306_10152087647917840_507532798_n.jpg 960w, https:\/\/www.hospitaltocopilla.cl\/wp-content\/uploads\/2014\/09\/1463306_10152087647917840_507532798_n-300x200.jpg 300w, https:\/\/www.hospitaltocopilla.cl\/wp-content\/uploads\/2014\/09\/1463306_10152087647917840_507532798_n-450x300.jpg 450w\" sizes=\"auto, (max-width: 960px) 100vw, 960px\" \/><\/a> <a href=\"http:\/\/www.hospitaltocopilla.cl\/wp-content\/uploads\/2014\/09\/1472779_10152087647472840_638776060_n.jpg\"><img loading=\"lazy\" decoding=\"async\" class=\"alignnone size-full wp-image-1117\" src=\"http:\/\/www.hospitaltocopilla.cl\/wp-content\/uploads\/2014\/09\/1472779_10152087647472840_638776060_n.jpg\" alt=\"1472779_10152087647472840_638776060_n\" width=\"640\" height=\"960\" srcset=\"https:\/\/www.hospitaltocopilla.cl\/wp-content\/uploads\/2014\/09\/1472779_10152087647472840_638776060_n.jpg 640w, https:\/\/www.hospitaltocopilla.cl\/wp-content\/uploads\/2014\/09\/1472779_10152087647472840_638776060_n-200x300.jpg 200w\" sizes=\"auto, (max-width: 640px) 100vw, 640px\" \/><\/a> <a href=\"http:\/\/www.hospitaltocopilla.cl\/wp-content\/uploads\/2014\/09\/1474548_10152087651677840_283788604_n.jpg\"><img loading=\"lazy\" decoding=\"async\" class=\"alignnone size-full wp-image-1118\" src=\"http:\/\/www.hospitaltocopilla.cl\/wp-content\/uploads\/2014\/09\/1474548_10152087651677840_283788604_n.jpg\" alt=\"1474548_10152087651677840_283788604_n\" width=\"640\" height=\"960\" srcset=\"https:\/\/www.hospitaltocopilla.cl\/wp-content\/uploads\/2014\/09\/1474548_10152087651677840_283788604_n.jpg 640w, https:\/\/www.hospitaltocopilla.cl\/wp-content\/uploads\/2014\/09\/1474548_10152087651677840_283788604_n-200x300.jpg 200w\" sizes=\"auto, (max-width: 640px) 100vw, 640px\" \/><\/a> <a href=\"http:\/\/www.hospitaltocopilla.cl\/wp-content\/uploads\/2014\/09\/1476002_10152087650272840_1124809712_n.jpg\"><img loading=\"lazy\" decoding=\"async\" class=\"alignnone size-full wp-image-1119\" src=\"http:\/\/www.hospitaltocopilla.cl\/wp-content\/uploads\/2014\/09\/1476002_10152087650272840_1124809712_n.jpg\" alt=\"1476002_10152087650272840_1124809712_n\" width=\"960\" height=\"640\" srcset=\"https:\/\/www.hospitaltocopilla.cl\/wp-content\/uploads\/2014\/09\/1476002_10152087650272840_1124809712_n.jpg 960w, https:\/\/www.hospitaltocopilla.cl\/wp-content\/uploads\/2014\/09\/1476002_10152087650272840_1124809712_n-300x200.jpg 300w, https:\/\/www.hospitaltocopilla.cl\/wp-content\/uploads\/2014\/09\/1476002_10152087650272840_1124809712_n-450x300.jpg 450w\" sizes=\"auto, (max-width: 960px) 100vw, 960px\" \/><\/a> <a href=\"http:\/\/www.hospitaltocopilla.cl\/wp-content\/uploads\/2014\/09\/1478974_10152087648242840_307398131_n.jpg\"><img loading=\"lazy\" decoding=\"async\" class=\"alignnone size-full wp-image-1120\" src=\"http:\/\/www.hospitaltocopilla.cl\/wp-content\/uploads\/2014\/09\/1478974_10152087648242840_307398131_n.jpg\" alt=\"1478974_10152087648242840_307398131_n\" width=\"960\" height=\"640\" srcset=\"https:\/\/www.hospitaltocopilla.cl\/wp-content\/uploads\/2014\/09\/1478974_10152087648242840_307398131_n.jpg 960w, https:\/\/www.hospitaltocopilla.cl\/wp-content\/uploads\/2014\/09\/1478974_10152087648242840_307398131_n-300x200.jpg 300w, https:\/\/www.hospitaltocopilla.cl\/wp-content\/uploads\/2014\/09\/1478974_10152087648242840_307398131_n-450x300.jpg 450w\" sizes=\"auto, (max-width: 960px) 100vw, 960px\" \/><\/a> <a href=\"http:\/\/www.hospitaltocopilla.cl\/wp-content\/uploads\/2014\/09\/1479396_10152087649037840_1320790743_n.jpg\"><img loading=\"lazy\" decoding=\"async\" class=\"alignnone size-full wp-image-1121\" src=\"http:\/\/www.hospitaltocopilla.cl\/wp-content\/uploads\/2014\/09\/1479396_10152087649037840_1320790743_n.jpg\" alt=\"1479396_10152087649037840_1320790743_n\" width=\"960\" height=\"640\" srcset=\"https:\/\/www.hospitaltocopilla.cl\/wp-content\/uploads\/2014\/09\/1479396_10152087649037840_1320790743_n.jpg 960w, https:\/\/www.hospitaltocopilla.cl\/wp-content\/uploads\/2014\/09\/1479396_10152087649037840_1320790743_n-300x200.jpg 300w, https:\/\/www.hospitaltocopilla.cl\/wp-content\/uploads\/2014\/09\/1479396_10152087649037840_1320790743_n-450x300.jpg 450w\" sizes=\"auto, (max-width: 960px) 100vw, 960px\" \/><\/a> <a href=\"http:\/\/www.hospitaltocopilla.cl\/wp-content\/uploads\/2014\/09\/1499555_10152087648507840_1760043907_n.jpg\"><img loading=\"lazy\" decoding=\"async\" class=\"alignnone size-full wp-image-1122\" src=\"http:\/\/www.hospitaltocopilla.cl\/wp-content\/uploads\/2014\/09\/1499555_10152087648507840_1760043907_n.jpg\" alt=\"1499555_10152087648507840_1760043907_n\" width=\"960\" height=\"640\" srcset=\"https:\/\/www.hospitaltocopilla.cl\/wp-content\/uploads\/2014\/09\/1499555_10152087648507840_1760043907_n.jpg 960w, https:\/\/www.hospitaltocopilla.cl\/wp-content\/uploads\/2014\/09\/1499555_10152087648507840_1760043907_n-300x200.jpg 300w, https:\/\/www.hospitaltocopilla.cl\/wp-content\/uploads\/2014\/09\/1499555_10152087648507840_1760043907_n-450x300.jpg 450w\" sizes=\"auto, (max-width: 960px) 100vw, 960px\" \/><\/a> <a href=\"http:\/\/www.hospitaltocopilla.cl\/wp-content\/uploads\/2014\/09\/1502478_10152087649922840_1226699872_n.jpg\"><img loading=\"lazy\" decoding=\"async\" class=\"alignnone size-full wp-image-1123\" src=\"http:\/\/www.hospitaltocopilla.cl\/wp-content\/uploads\/2014\/09\/1502478_10152087649922840_1226699872_n.jpg\" alt=\"1502478_10152087649922840_1226699872_n\" width=\"640\" height=\"960\" srcset=\"https:\/\/www.hospitaltocopilla.cl\/wp-content\/uploads\/2014\/09\/1502478_10152087649922840_1226699872_n.jpg 640w, https:\/\/www.hospitaltocopilla.cl\/wp-content\/uploads\/2014\/09\/1502478_10152087649922840_1226699872_n-200x300.jpg 200w\" sizes=\"auto, (max-width: 640px) 100vw, 640px\" \/><\/a><\/p>\n<p>&nbsp;<\/p>\n","protected":false},"excerpt":{"rendered":"<p>El pesebre, para el mundo cristiano es una construcci\u00f3n que representa el nacimiento de Jes\u00fas y es uno de los s\u00edmbolos m\u00e1s importante de la navidad. De all\u00ed que la idea de realizar un concurso que permita la unidad de los servicios y fomente el esp\u00edritu propio de las fiestas de fin de a\u00f1o. En [&hellip;]<\/p>\n","protected":false},"author":8,"featured_media":0,"parent":1051,"menu_order":0,"comment_status":"closed","ping_status":"closed","template":"sidebar-page.php","meta":{"footnotes":""},"class_list":["post-1105","page","type-page","status-publish","hentry"],"_links":{"self":[{"href":"https:\/\/www.hospitaltocopilla.cl\/index.php?rest_route=\/wp\/v2\/pages\/1105","targetHints":{"allow":["GET"]}}],"collection":[{"href":"https:\/\/www.hospitaltocopilla.cl\/index.php?rest_route=\/wp\/v2\/pages"}],"about":[{"href":"https:\/\/www.hospitaltocopilla.cl\/index.php?rest_route=\/wp\/v2\/types\/page"}],"author":[{"embeddable":true,"href":"https:\/\/www.hospitaltocopilla.cl\/index.php?rest_route=\/wp\/v2\/users\/8"}],"replies":[{"embeddable":true,"href":"https:\/\/www.hospitaltocopilla.cl\/index.php?rest_route=%2Fwp%2Fv2%2Fcomments&post=1105"}],"version-history":[{"count":2,"href":"https:\/\/www.hospitaltocopilla.cl\/index.php?rest_route=\/wp\/v2\/pages\/1105\/revisions"}],"predecessor-version":[{"id":1135,"href":"https:\/\/www.hospitaltocopilla.cl\/index.php?rest_route=\/wp\/v2\/pages\/1105\/revisions\/1135"}],"up":[{"embeddable":true,"href":"https:\/\/www.hospitaltocopilla.cl\/index.php?rest_route=\/wp\/v2\/pages\/1051"}],"wp:attachment":[{"href":"https:\/\/www.hospitaltocopilla.cl\/index.php?rest_route=%2Fwp%2Fv2%2Fmedia&parent=1105"}],"curies":[{"name":"wp","href":"https:\/\/api.w.org\/{rel}","templated":true}]}}