{"id":1085,"date":"2014-09-30T15:17:12","date_gmt":"2014-09-30T15:17:12","guid":{"rendered":"http:\/\/www.hospitaltocopilla.cl\/?page_id=1085"},"modified":"2019-08-12T19:02:18","modified_gmt":"2019-08-12T19:02:18","slug":"almuerzo-bienestar-2013","status":"publish","type":"page","link":"https:\/\/www.hospitaltocopilla.cl\/?page_id=1085","title":{"rendered":"Almuerzo Bienestar 2013"},"content":{"rendered":"<p>El d\u00eda jueves 03 de octubre se realiz\u00f3 el almuerzo institucional organizado por la secci\u00f3n de Bienestar, durante la actividad, que fue presidida por la Directora (s) Erica del Piano, se entreg\u00f3 un diploma de reconocimiento a las funcionarias que se acogieron a retiro voluntario.<\/p>\n<p>Ac\u00e1 algunas fotos.<\/p>\n<p><a href=\"http:\/\/www.hospitaltocopilla.cl\/wp-content\/uploads\/2014\/09\/la-foto-5.jpg\"><img loading=\"lazy\" decoding=\"async\" class=\"alignnone size-full wp-image-1087\" src=\"http:\/\/www.hospitaltocopilla.cl\/wp-content\/uploads\/2014\/09\/la-foto-5.jpg\" alt=\"la foto (5)\" width=\"640\" height=\"480\" srcset=\"https:\/\/www.hospitaltocopilla.cl\/wp-content\/uploads\/2014\/09\/la-foto-5.jpg 640w, https:\/\/www.hospitaltocopilla.cl\/wp-content\/uploads\/2014\/09\/la-foto-5-300x225.jpg 300w, https:\/\/www.hospitaltocopilla.cl\/wp-content\/uploads\/2014\/09\/la-foto-5-400x300.jpg 400w\" sizes=\"auto, (max-width: 640px) 100vw, 640px\" \/><\/a> <a href=\"http:\/\/www.hospitaltocopilla.cl\/wp-content\/uploads\/2014\/09\/la-foto-4.jpg\"><img loading=\"lazy\" decoding=\"async\" class=\"alignnone size-full wp-image-1086\" src=\"http:\/\/www.hospitaltocopilla.cl\/wp-content\/uploads\/2014\/09\/la-foto-4.jpg\" alt=\"la foto (4)\" width=\"480\" height=\"640\" srcset=\"https:\/\/www.hospitaltocopilla.cl\/wp-content\/uploads\/2014\/09\/la-foto-4.jpg 480w, https:\/\/www.hospitaltocopilla.cl\/wp-content\/uploads\/2014\/09\/la-foto-4-225x300.jpg 225w\" sizes=\"auto, (max-width: 480px) 100vw, 480px\" \/><\/a> <a href=\"http:\/\/www.hospitaltocopilla.cl\/wp-content\/uploads\/2014\/09\/12.jpg\"><img loading=\"lazy\" decoding=\"async\" class=\"alignnone size-full wp-image-1088\" src=\"http:\/\/www.hospitaltocopilla.cl\/wp-content\/uploads\/2014\/09\/12.jpg\" alt=\"`1\" width=\"640\" height=\"480\" srcset=\"https:\/\/www.hospitaltocopilla.cl\/wp-content\/uploads\/2014\/09\/12.jpg 640w, https:\/\/www.hospitaltocopilla.cl\/wp-content\/uploads\/2014\/09\/12-300x225.jpg 300w, https:\/\/www.hospitaltocopilla.cl\/wp-content\/uploads\/2014\/09\/12-400x300.jpg 400w\" sizes=\"auto, (max-width: 640px) 100vw, 640px\" \/><\/a> <a href=\"http:\/\/www.hospitaltocopilla.cl\/wp-content\/uploads\/2014\/09\/1371308_10202115908279626_852774415_n.jpg\"><img loading=\"lazy\" decoding=\"async\" class=\"alignnone size-full wp-image-1092\" src=\"http:\/\/www.hospitaltocopilla.cl\/wp-content\/uploads\/2014\/09\/1371308_10202115908279626_852774415_n.jpg\" alt=\"1371308_10202115908279626_852774415_n\" width=\"960\" height=\"720\" srcset=\"https:\/\/www.hospitaltocopilla.cl\/wp-content\/uploads\/2014\/09\/1371308_10202115908279626_852774415_n.jpg 960w, https:\/\/www.hospitaltocopilla.cl\/wp-content\/uploads\/2014\/09\/1371308_10202115908279626_852774415_n-300x225.jpg 300w, https:\/\/www.hospitaltocopilla.cl\/wp-content\/uploads\/2014\/09\/1371308_10202115908279626_852774415_n-400x300.jpg 400w\" sizes=\"auto, (max-width: 960px) 100vw, 960px\" \/><\/a> <a href=\"http:\/\/www.hospitaltocopilla.cl\/wp-content\/uploads\/2014\/09\/111.jpg\"><img loading=\"lazy\" decoding=\"async\" class=\"alignnone size-full wp-image-1091\" src=\"http:\/\/www.hospitaltocopilla.cl\/wp-content\/uploads\/2014\/09\/111.jpg\" alt=\"11\" width=\"640\" height=\"480\" srcset=\"https:\/\/www.hospitaltocopilla.cl\/wp-content\/uploads\/2014\/09\/111.jpg 640w, https:\/\/www.hospitaltocopilla.cl\/wp-content\/uploads\/2014\/09\/111-300x225.jpg 300w, https:\/\/www.hospitaltocopilla.cl\/wp-content\/uploads\/2014\/09\/111-400x300.jpg 400w\" sizes=\"auto, (max-width: 640px) 100vw, 640px\" \/><\/a> <a href=\"http:\/\/www.hospitaltocopilla.cl\/wp-content\/uploads\/2014\/09\/32.jpg\"><img loading=\"lazy\" decoding=\"async\" class=\"alignnone size-full wp-image-1090\" src=\"http:\/\/www.hospitaltocopilla.cl\/wp-content\/uploads\/2014\/09\/32.jpg\" alt=\"3\" width=\"960\" height=\"720\" srcset=\"https:\/\/www.hospitaltocopilla.cl\/wp-content\/uploads\/2014\/09\/32.jpg 960w, https:\/\/www.hospitaltocopilla.cl\/wp-content\/uploads\/2014\/09\/32-300x225.jpg 300w, https:\/\/www.hospitaltocopilla.cl\/wp-content\/uploads\/2014\/09\/32-400x300.jpg 400w\" sizes=\"auto, (max-width: 960px) 100vw, 960px\" \/><\/a> <a href=\"http:\/\/www.hospitaltocopilla.cl\/wp-content\/uploads\/2014\/09\/23.jpg\"><img loading=\"lazy\" decoding=\"async\" class=\"alignnone size-full wp-image-1089\" src=\"http:\/\/www.hospitaltocopilla.cl\/wp-content\/uploads\/2014\/09\/23.jpg\" alt=\"2\" width=\"480\" height=\"640\" srcset=\"https:\/\/www.hospitaltocopilla.cl\/wp-content\/uploads\/2014\/09\/23.jpg 480w, https:\/\/www.hospitaltocopilla.cl\/wp-content\/uploads\/2014\/09\/23-225x300.jpg 225w\" sizes=\"auto, (max-width: 480px) 100vw, 480px\" \/><\/a> <a href=\"http:\/\/www.hospitaltocopilla.cl\/wp-content\/uploads\/2014\/09\/evaedith.jpg\"><img loading=\"lazy\" decoding=\"async\" class=\"alignnone size-full wp-image-1093\" src=\"http:\/\/www.hospitaltocopilla.cl\/wp-content\/uploads\/2014\/09\/evaedith.jpg\" alt=\"evaedith\" width=\"640\" height=\"480\" srcset=\"https:\/\/www.hospitaltocopilla.cl\/wp-content\/uploads\/2014\/09\/evaedith.jpg 640w, https:\/\/www.hospitaltocopilla.cl\/wp-content\/uploads\/2014\/09\/evaedith-300x225.jpg 300w, https:\/\/www.hospitaltocopilla.cl\/wp-content\/uploads\/2014\/09\/evaedith-400x300.jpg 400w\" sizes=\"auto, (max-width: 640px) 100vw, 640px\" \/><\/a> <a href=\"http:\/\/www.hospitaltocopilla.cl\/wp-content\/uploads\/2014\/09\/la-foto-1.jpg\"><img loading=\"lazy\" decoding=\"async\" class=\"alignnone size-full wp-image-1094\" src=\"http:\/\/www.hospitaltocopilla.cl\/wp-content\/uploads\/2014\/09\/la-foto-1.jpg\" alt=\"la foto 1\" width=\"480\" height=\"640\" srcset=\"https:\/\/www.hospitaltocopilla.cl\/wp-content\/uploads\/2014\/09\/la-foto-1.jpg 480w, https:\/\/www.hospitaltocopilla.cl\/wp-content\/uploads\/2014\/09\/la-foto-1-225x300.jpg 225w\" sizes=\"auto, (max-width: 480px) 100vw, 480px\" \/><\/a> <a href=\"http:\/\/www.hospitaltocopilla.cl\/wp-content\/uploads\/2014\/09\/la-foto-2.jpg\"><img loading=\"lazy\" decoding=\"async\" class=\"alignnone size-full wp-image-1095\" src=\"http:\/\/www.hospitaltocopilla.cl\/wp-content\/uploads\/2014\/09\/la-foto-2.jpg\" alt=\"la foto 2\" width=\"640\" height=\"480\" srcset=\"https:\/\/www.hospitaltocopilla.cl\/wp-content\/uploads\/2014\/09\/la-foto-2.jpg 640w, https:\/\/www.hospitaltocopilla.cl\/wp-content\/uploads\/2014\/09\/la-foto-2-300x225.jpg 300w, https:\/\/www.hospitaltocopilla.cl\/wp-content\/uploads\/2014\/09\/la-foto-2-400x300.jpg 400w\" sizes=\"auto, (max-width: 640px) 100vw, 640px\" \/><\/a> <a href=\"http:\/\/www.hospitaltocopilla.cl\/wp-content\/uploads\/2014\/09\/la-foto-41.jpg\"><img loading=\"lazy\" decoding=\"async\" class=\"alignnone size-full wp-image-1096\" src=\"http:\/\/www.hospitaltocopilla.cl\/wp-content\/uploads\/2014\/09\/la-foto-41.jpg\" alt=\"la foto 4\" width=\"640\" height=\"480\" srcset=\"https:\/\/www.hospitaltocopilla.cl\/wp-content\/uploads\/2014\/09\/la-foto-41.jpg 640w, https:\/\/www.hospitaltocopilla.cl\/wp-content\/uploads\/2014\/09\/la-foto-41-300x225.jpg 300w, https:\/\/www.hospitaltocopilla.cl\/wp-content\/uploads\/2014\/09\/la-foto-41-400x300.jpg 400w\" sizes=\"auto, (max-width: 640px) 100vw, 640px\" \/><\/a><\/p>\n","protected":false},"excerpt":{"rendered":"<p>El d\u00eda jueves 03 de octubre se realiz\u00f3 el almuerzo institucional organizado por la secci\u00f3n de Bienestar, durante la actividad, que fue presidida por la Directora (s) Erica del Piano, se entreg\u00f3 un diploma de reconocimiento a las funcionarias que se acogieron a retiro voluntario. Ac\u00e1 algunas fotos.<\/p>\n","protected":false},"author":8,"featured_media":0,"parent":1051,"menu_order":0,"comment_status":"closed","ping_status":"closed","template":"","meta":{"footnotes":""},"class_list":["post-1085","page","type-page","status-publish","hentry"],"_links":{"self":[{"href":"https:\/\/www.hospitaltocopilla.cl\/index.php?rest_route=\/wp\/v2\/pages\/1085","targetHints":{"allow":["GET"]}}],"collection":[{"href":"https:\/\/www.hospitaltocopilla.cl\/index.php?rest_route=\/wp\/v2\/pages"}],"about":[{"href":"https:\/\/www.hospitaltocopilla.cl\/index.php?rest_route=\/wp\/v2\/types\/page"}],"author":[{"embeddable":true,"href":"https:\/\/www.hospitaltocopilla.cl\/index.php?rest_route=\/wp\/v2\/users\/8"}],"replies":[{"embeddable":true,"href":"https:\/\/www.hospitaltocopilla.cl\/index.php?rest_route=%2Fwp%2Fv2%2Fcomments&post=1085"}],"version-history":[{"count":2,"href":"https:\/\/www.hospitaltocopilla.cl\/index.php?rest_route=\/wp\/v2\/pages\/1085\/revisions"}],"predecessor-version":[{"id":4360,"href":"https:\/\/www.hospitaltocopilla.cl\/index.php?rest_route=\/wp\/v2\/pages\/1085\/revisions\/4360"}],"up":[{"embeddable":true,"href":"https:\/\/www.hospitaltocopilla.cl\/index.php?rest_route=\/wp\/v2\/pages\/1051"}],"wp:attachment":[{"href":"https:\/\/www.hospitaltocopilla.cl\/index.php?rest_route=%2Fwp%2Fv2%2Fmedia&parent=1085"}],"curies":[{"name":"wp","href":"https:\/\/api.w.org\/{rel}","templated":true}]}}