{"id":1051,"date":"2014-09-30T13:23:40","date_gmt":"2014-09-30T13:23:40","guid":{"rendered":"http:\/\/www.hospitaltocopilla.cl\/?page_id=1051"},"modified":"2019-08-12T19:08:18","modified_gmt":"2019-08-12T19:08:18","slug":"nuestras-actividades","status":"publish","type":"page","link":"https:\/\/www.hospitaltocopilla.cl\/?page_id=1051","title":{"rendered":"Nuestras Actividades"},"content":{"rendered":"<p>Ac\u00e1 encontrar\u00e1s una galer\u00eda de fotos con nuestras actividades m\u00e1s importantes.<\/p>\n","protected":false},"excerpt":{"rendered":"<p>Ac\u00e1 encontrar\u00e1s una galer\u00eda de fotos con nuestras actividades m\u00e1s importantes.<\/p>\n","protected":false},"author":8,"featured_media":4345,"parent":0,"menu_order":0,"comment_status":"closed","ping_status":"closed","template":"","meta":{"footnotes":""},"class_list":["post-1051","page","type-page","status-publish","has-post-thumbnail","hentry"],"_links":{"self":[{"href":"https:\/\/www.hospitaltocopilla.cl\/index.php?rest_route=\/wp\/v2\/pages\/1051","targetHints":{"allow":["GET"]}}],"collection":[{"href":"https:\/\/www.hospitaltocopilla.cl\/index.php?rest_route=\/wp\/v2\/pages"}],"about":[{"href":"https:\/\/www.hospitaltocopilla.cl\/index.php?rest_route=\/wp\/v2\/types\/page"}],"author":[{"embeddable":true,"href":"https:\/\/www.hospitaltocopilla.cl\/index.php?rest_route=\/wp\/v2\/users\/8"}],"replies":[{"embeddable":true,"href":"https:\/\/www.hospitaltocopilla.cl\/index.php?rest_route=%2Fwp%2Fv2%2Fcomments&post=1051"}],"version-history":[{"count":1,"href":"https:\/\/www.hospitaltocopilla.cl\/index.php?rest_route=\/wp\/v2\/pages\/1051\/revisions"}],"predecessor-version":[{"id":1053,"href":"https:\/\/www.hospitaltocopilla.cl\/index.php?rest_route=\/wp\/v2\/pages\/1051\/revisions\/1053"}],"wp:featuredmedia":[{"embeddable":true,"href":"https:\/\/www.hospitaltocopilla.cl\/index.php?rest_route=\/wp\/v2\/media\/4345"}],"wp:attachment":[{"href":"https:\/\/www.hospitaltocopilla.cl\/index.php?rest_route=%2Fwp%2Fv2%2Fmedia&parent=1051"}],"curies":[{"name":"wp","href":"https:\/\/api.w.org\/{rel}","templated":true}]}}